{"id":1283,"date":"2025-09-10T13:47:12","date_gmt":"2025-09-10T11:47:12","guid":{"rendered":"https:\/\/ial.se\/?page_id=1283"},"modified":"2025-12-03T12:35:37","modified_gmt":"2025-12-03T11:35:37","slug":"vart-team","status":"publish","type":"page","link":"https:\/\/ial.se\/en\/om-oss\/vart-team\/","title":{"rendered":"Our team"},"content":{"rendered":"<div data-elementor-type=\"wp-page\" data-elementor-id=\"1283\" class=\"elementor elementor-1283\">\n\t\t\t\t<div class=\"elementor-element elementor-element-766e931 e-con-full e-flex e-con e-parent\" data-id=\"766e931\" data-element_type=\"container\" data-e-type=\"container\">\n\t\t<div class=\"elementor-element elementor-element-8e27d98 e-grid e-con-full mx-width e-con e-child\" data-id=\"8e27d98\" data-element_type=\"container\" data-e-type=\"container\">\n\t\t<div class=\"elementor-element elementor-element-ec7a770 e-con-full e-flex e-con e-child\" data-id=\"ec7a770\" data-element_type=\"container\" data-e-type=\"container\">\n\t\t\t\t<div class=\"elementor-element elementor-element-86ef071 elementor-widget elementor-widget-heading\" data-id=\"86ef071\" data-element_type=\"widget\" data-e-type=\"widget\" data-widget_type=\"heading.default\">\n\t\t\t\t\t<h2 class=\"elementor-heading-title elementor-size-default\">This page is coming soon.<\/h2>\t\t\t\t<\/div>\n\t\t\t\t<div class=\"elementor-element elementor-element-2bec148 elementor-widget elementor-widget-text-editor\" data-id=\"2bec148\" data-element_type=\"widget\" data-e-type=\"widget\" data-widget_type=\"text-editor.default\">\n\t\t\t\t\t\t\t\t\tThank you for your patience and understanding \u2764\ufe0f\t\t\t\t\t\t\t\t<\/div>\n\t\t\t\t<\/div>\n\t\t\t\t<\/div>\n\t\t\t\t<\/div>\n\t\t<div class=\"elementor-element elementor-element-26501e8 e-con-full elementor-hidden-desktop elementor-hidden-tablet elementor-hidden-mobile e-flex e-con e-parent\" data-id=\"26501e8\" data-element_type=\"container\" data-e-type=\"container\">\n\t\t<div class=\"elementor-element elementor-element-6fa1c67 e-con-full mx-width e-flex e-con e-child\" data-id=\"6fa1c67\" data-element_type=\"container\" data-e-type=\"container\">\n\t\t<div class=\"elementor-element elementor-element-089eae8 e-con-full e-flex e-con e-child\" data-id=\"089eae8\" data-element_type=\"container\" data-e-type=\"container\">\n\t\t\t\t<div class=\"elementor-element elementor-element-78c6ac3 elementor-widget elementor-widget-heading\" data-id=\"78c6ac3\" data-element_type=\"widget\" data-e-type=\"widget\" data-widget_type=\"heading.default\">\n\t\t\t\t\t<h2 class=\"elementor-heading-title elementor-size-default\">Our team<\/h2>\t\t\t\t<\/div>\n\t\t\t\t<div class=\"elementor-element elementor-element-f1aaa90 elementor-widget elementor-widget-text-editor\" data-id=\"f1aaa90\" data-element_type=\"widget\" data-e-type=\"widget\" data-widget_type=\"text-editor.default\">\n\t\t\t\t\t\t\t\t\tVi \u00e4r ett team av kreativa individer som alla delar passionen f\u00f6r volont\u00e4rarbete\u2014l\u00e4r k\u00e4nna oss.\t\t\t\t\t\t\t\t<\/div>\n\t\t\t\t<\/div>\n\t\t<div class=\"elementor-element elementor-element-211adf4 e-grid e-con-full e-con e-child\" data-id=\"211adf4\" data-element_type=\"container\" data-e-type=\"container\">\n\t\t<div class=\"elementor-element elementor-element-473fc66 e-con-full e-flex e-con e-child\" data-id=\"473fc66\" data-element_type=\"container\" data-e-type=\"container\">\n\t\t\t\t<div class=\"elementor-element elementor-element-7b2e35b elementor-widget elementor-widget-image\" data-id=\"7b2e35b\" data-element_type=\"widget\" data-e-type=\"widget\" data-widget_type=\"image.default\">\n\t\t\t\t\t\t\t\t\t\t\t\t\t\t\t<img fetchpriority=\"high\" decoding=\"async\" width=\"405\" height=\"405\" src=\"https:\/\/ial.se\/wp-content\/uploads\/2023\/10\/ordforanden.jpeg\" class=\"attachment-full size-full wp-image-126\" alt=\"\" srcset=\"https:\/\/ial.se\/wp-content\/uploads\/2023\/10\/ordforanden.jpeg 405w, https:\/\/ial.se\/wp-content\/uploads\/2023\/10\/ordforanden-300x300.jpeg 300w, https:\/\/ial.se\/wp-content\/uploads\/2023\/10\/ordforanden-150x150.jpeg 150w\" sizes=\"(max-width: 405px) 100vw, 405px\" \/>\t\t\t\t\t\t\t\t\t\t\t\t\t\t\t<\/div>\n\t\t<div class=\"elementor-element elementor-element-0d86866 e-con-full e-flex e-con e-child\" data-id=\"0d86866\" data-element_type=\"container\" data-e-type=\"container\">\n\t\t\t\t<div class=\"elementor-element elementor-element-fccbc31 elementor-widget elementor-widget-heading\" data-id=\"fccbc31\" data-element_type=\"widget\" data-e-type=\"widget\" data-widget_type=\"heading.default\">\n\t\t\t\t\t<h2 class=\"elementor-heading-title elementor-size-default\"><a href=\"mailto:kristinahellqvist@yahoo.se\">Kristina Hellqvist<\/a><\/h2>\t\t\t\t<\/div>\n\t\t\t\t<div class=\"elementor-element elementor-element-e1809e2 elementor-widget elementor-widget-heading\" data-id=\"e1809e2\" data-element_type=\"widget\" data-e-type=\"widget\" data-widget_type=\"heading.default\">\n\t\t\t\t\t<h2 class=\"elementor-heading-title elementor-size-default\"><b>President<\/b><\/h2>\t\t\t\t<\/div>\n\t\t\t\t<\/div>\n\t\t\t\t<\/div>\n\t\t<div class=\"elementor-element elementor-element-ac9f995 e-con-full e-flex e-con e-child\" data-id=\"ac9f995\" data-element_type=\"container\" data-e-type=\"container\">\n\t\t\t\t<div class=\"elementor-element elementor-element-3198084 elementor-widget elementor-widget-image\" data-id=\"3198084\" data-element_type=\"widget\" data-e-type=\"widget\" data-widget_type=\"image.default\">\n\t\t\t\t\t\t\t\t\t\t\t\t\t\t\t<img decoding=\"async\" src=\"https:\/\/ial.se\/wp-content\/plugins\/elementor\/assets\/images\/placeholder.png\" title=\"\" alt=\"\" loading=\"lazy\" \/>\t\t\t\t\t\t\t\t\t\t\t\t\t\t\t<\/div>\n\t\t<div class=\"elementor-element elementor-element-a97be66 e-con-full e-flex e-con e-child\" data-id=\"a97be66\" data-element_type=\"container\" data-e-type=\"container\">\n\t\t\t\t<div class=\"elementor-element elementor-element-f3bab2d elementor-widget elementor-widget-heading\" data-id=\"f3bab2d\" data-element_type=\"widget\" data-e-type=\"widget\" data-widget_type=\"heading.default\">\n\t\t\t\t\t<h2 class=\"elementor-heading-title elementor-size-default\"><a href=\"mailto:Johanna@bona.nu\">Johanna Lundqvist<\/a><\/h2>\t\t\t\t<\/div>\n\t\t\t\t<div class=\"elementor-element elementor-element-6b133e6 elementor-widget elementor-widget-heading\" data-id=\"6b133e6\" data-element_type=\"widget\" data-e-type=\"widget\" data-widget_type=\"heading.default\">\n\t\t\t\t\t<h2 class=\"elementor-heading-title elementor-size-default\"><b>Ledamot<\/b><\/h2>\t\t\t\t<\/div>\n\t\t\t\t<\/div>\n\t\t\t\t<\/div>\n\t\t<div class=\"elementor-element elementor-element-4be5688 e-con-full e-flex e-con e-child\" data-id=\"4be5688\" data-element_type=\"container\" data-e-type=\"container\">\n\t\t\t\t<div class=\"elementor-element elementor-element-1072a06 elementor-widget elementor-widget-image\" data-id=\"1072a06\" data-element_type=\"widget\" data-e-type=\"widget\" data-widget_type=\"image.default\">\n\t\t\t\t\t\t\t\t\t\t\t\t\t\t\t<img decoding=\"async\" src=\"https:\/\/ial.se\/wp-content\/plugins\/elementor\/assets\/images\/placeholder.png\" title=\"\" alt=\"\" loading=\"lazy\" \/>\t\t\t\t\t\t\t\t\t\t\t\t\t\t\t<\/div>\n\t\t<div class=\"elementor-element elementor-element-d650b51 e-con-full e-flex e-con e-child\" data-id=\"d650b51\" data-element_type=\"container\" data-e-type=\"container\">\n\t\t\t\t<div class=\"elementor-element elementor-element-8ceca09 elementor-widget elementor-widget-heading\" data-id=\"8ceca09\" data-element_type=\"widget\" data-e-type=\"widget\" data-widget_type=\"heading.default\">\n\t\t\t\t\t<h2 class=\"elementor-heading-title elementor-size-default\">Hanna Zandin<\/h2>\t\t\t\t<\/div>\n\t\t\t\t<div class=\"elementor-element elementor-element-343796d elementor-widget elementor-widget-heading\" data-id=\"343796d\" data-element_type=\"widget\" data-e-type=\"widget\" data-widget_type=\"heading.default\">\n\t\t\t\t\t<h2 class=\"elementor-heading-title elementor-size-default\"><b>Ledamot<\/b><\/h2>\t\t\t\t<\/div>\n\t\t\t\t<\/div>\n\t\t\t\t<\/div>\n\t\t<div class=\"elementor-element elementor-element-3ba4055 e-con-full e-flex e-con e-child\" data-id=\"3ba4055\" data-element_type=\"container\" data-e-type=\"container\">\n\t\t\t\t<div class=\"elementor-element elementor-element-6332257 elementor-widget elementor-widget-image\" data-id=\"6332257\" data-element_type=\"widget\" data-e-type=\"widget\" data-widget_type=\"image.default\">\n\t\t\t\t\t\t\t\t\t\t\t\t\t\t\t<img decoding=\"async\" src=\"https:\/\/ial.se\/wp-content\/plugins\/elementor\/assets\/images\/placeholder.png\" title=\"\" alt=\"\" loading=\"lazy\" \/>\t\t\t\t\t\t\t\t\t\t\t\t\t\t\t<\/div>\n\t\t<div class=\"elementor-element elementor-element-6ccf386 e-con-full e-flex e-con e-child\" data-id=\"6ccf386\" data-element_type=\"container\" data-e-type=\"container\">\n\t\t\t\t<div class=\"elementor-element elementor-element-2064465 elementor-widget elementor-widget-heading\" data-id=\"2064465\" data-element_type=\"widget\" data-e-type=\"widget\" data-widget_type=\"heading.default\">\n\t\t\t\t\t<h2 class=\"elementor-heading-title elementor-size-default\">Josefin Lindgren<\/h2>\t\t\t\t<\/div>\n\t\t\t\t<div class=\"elementor-element elementor-element-054d629 elementor-widget elementor-widget-heading\" data-id=\"054d629\" data-element_type=\"widget\" data-e-type=\"widget\" data-widget_type=\"heading.default\">\n\t\t\t\t\t<h2 class=\"elementor-heading-title elementor-size-default\"><b>Ledamot<\/b><\/h2>\t\t\t\t<\/div>\n\t\t\t\t<\/div>\n\t\t\t\t<\/div>\n\t\t<div class=\"elementor-element elementor-element-bf05685 e-con-full e-flex e-con e-child\" data-id=\"bf05685\" data-element_type=\"container\" data-e-type=\"container\">\n\t\t\t\t<div class=\"elementor-element elementor-element-3cb3da1 elementor-widget elementor-widget-image\" data-id=\"3cb3da1\" data-element_type=\"widget\" data-e-type=\"widget\" data-widget_type=\"image.default\">\n\t\t\t\t\t\t\t\t\t\t\t\t\t\t\t<img decoding=\"async\" width=\"1920\" height=\"2560\" src=\"https:\/\/ial.se\/wp-content\/uploads\/2025\/12\/Team_Wiktoria_03-scaled.webp\" class=\"attachment-full size-full wp-image-2618\" alt=\"\" srcset=\"https:\/\/ial.se\/wp-content\/uploads\/2025\/12\/Team_Wiktoria_03-scaled.webp 1920w, https:\/\/ial.se\/wp-content\/uploads\/2025\/12\/Team_Wiktoria_03-225x300.webp 225w, https:\/\/ial.se\/wp-content\/uploads\/2025\/12\/Team_Wiktoria_03-768x1024.webp 768w, https:\/\/ial.se\/wp-content\/uploads\/2025\/12\/Team_Wiktoria_03-1152x1536.webp 1152w, https:\/\/ial.se\/wp-content\/uploads\/2025\/12\/Team_Wiktoria_03-1536x2048.webp 1536w, https:\/\/ial.se\/wp-content\/uploads\/2025\/12\/Team_Wiktoria_03-9x12.webp 9w\" sizes=\"(max-width: 1920px) 100vw, 1920px\" \/>\t\t\t\t\t\t\t\t\t\t\t\t\t\t\t<\/div>\n\t\t<div class=\"elementor-element elementor-element-f1b3fc2 e-con-full e-flex e-con e-child\" data-id=\"f1b3fc2\" data-element_type=\"container\" data-e-type=\"container\">\n\t\t\t\t<div class=\"elementor-element elementor-element-e779f82 elementor-widget elementor-widget-heading\" data-id=\"e779f82\" data-element_type=\"widget\" data-e-type=\"widget\" data-widget_type=\"heading.default\">\n\t\t\t\t\t<h2 class=\"elementor-heading-title elementor-size-default\"><a href=\"mailto:hello@dreznerdigital.com\">Wiktoria Drezner<\/a><\/h2>\t\t\t\t<\/div>\n\t\t\t\t<div class=\"elementor-element elementor-element-3d4383c elementor-widget elementor-widget-heading\" data-id=\"3d4383c\" data-element_type=\"widget\" data-e-type=\"widget\" data-widget_type=\"heading.default\">\n\t\t\t\t\t<h2 class=\"elementor-heading-title elementor-size-default\"><b>Webbdesigner<\/b><\/h2>\t\t\t\t<\/div>\n\t\t\t\t<div class=\"elementor-element elementor-element-3f7f5ae elementor-widget elementor-widget-text-editor\" data-id=\"3f7f5ae\" data-element_type=\"widget\" data-e-type=\"widget\" data-widget_type=\"text-editor.default\">\n\t\t\t\t\t\t\t\t\tJag tar hand om v\u00e5r <b>webbplats<\/b> och koordinerar volont\u00e4rl\u00e4ger under sommaren.\t\t\t\t\t\t\t\t<\/div>\n\t\t\t\t<\/div>\n\t\t\t\t<\/div>\n\t\t<div class=\"elementor-element elementor-element-0702560 e-con-full e-flex e-con e-child\" data-id=\"0702560\" data-element_type=\"container\" data-e-type=\"container\">\n\t\t\t\t<div class=\"elementor-element elementor-element-815a1dd elementor-widget elementor-widget-image\" data-id=\"815a1dd\" data-element_type=\"widget\" data-e-type=\"widget\" data-widget_type=\"image.default\">\n\t\t\t\t\t\t\t\t\t\t\t\t\t\t\t<img decoding=\"async\" src=\"https:\/\/ial.se\/wp-content\/plugins\/elementor\/assets\/images\/placeholder.png\" title=\"\" alt=\"\" loading=\"lazy\" \/>\t\t\t\t\t\t\t\t\t\t\t\t\t\t\t<\/div>\n\t\t<div class=\"elementor-element elementor-element-1bb2573 e-con-full e-flex e-con e-child\" data-id=\"1bb2573\" data-element_type=\"container\" data-e-type=\"container\">\n\t\t\t\t<div class=\"elementor-element elementor-element-26e9677 elementor-widget elementor-widget-heading\" data-id=\"26e9677\" data-element_type=\"widget\" data-e-type=\"widget\" data-widget_type=\"heading.default\">\n\t\t\t\t\t<h2 class=\"elementor-heading-title elementor-size-default\"><a href=\"mailto:jacob.christman@live.com\">Jacob Christman<\/a><\/h2>\t\t\t\t<\/div>\n\t\t\t\t<div class=\"elementor-element elementor-element-425304f elementor-widget elementor-widget-heading\" data-id=\"425304f\" data-element_type=\"widget\" data-e-type=\"widget\" data-widget_type=\"heading.default\">\n\t\t\t\t\t<h2 class=\"elementor-heading-title elementor-size-default\"><b>Cashier<\/b><\/h2>\t\t\t\t<\/div>\n\t\t\t\t<\/div>\n\t\t\t\t<\/div>\n\t\t<div class=\"elementor-element elementor-element-c64fa0e e-con-full e-flex e-con e-child\" data-id=\"c64fa0e\" data-element_type=\"container\" data-e-type=\"container\">\n\t\t\t\t<div class=\"elementor-element elementor-element-d804c0c elementor-widget elementor-widget-image\" data-id=\"d804c0c\" data-element_type=\"widget\" data-e-type=\"widget\" data-widget_type=\"image.default\">\n\t\t\t\t\t\t\t\t\t\t\t\t\t\t\t<img decoding=\"async\" width=\"1536\" height=\"2048\" src=\"https:\/\/ial.se\/wp-content\/uploads\/2025\/09\/Team_Tanya.webp\" class=\"attachment-full size-full wp-image-2411\" alt=\"\" srcset=\"https:\/\/ial.se\/wp-content\/uploads\/2025\/09\/Team_Tanya.webp 1536w, https:\/\/ial.se\/wp-content\/uploads\/2025\/09\/Team_Tanya-225x300.webp 225w, https:\/\/ial.se\/wp-content\/uploads\/2025\/09\/Team_Tanya-768x1024.webp 768w, https:\/\/ial.se\/wp-content\/uploads\/2025\/09\/Team_Tanya-1152x1536.webp 1152w, https:\/\/ial.se\/wp-content\/uploads\/2025\/09\/Team_Tanya-9x12.webp 9w\" sizes=\"(max-width: 1536px) 100vw, 1536px\" \/>\t\t\t\t\t\t\t\t\t\t\t\t\t\t\t<\/div>\n\t\t<div class=\"elementor-element elementor-element-7c6346c e-con-full e-flex e-con e-child\" data-id=\"7c6346c\" data-element_type=\"container\" data-e-type=\"container\">\n\t\t\t\t<div class=\"elementor-element elementor-element-d3a014e elementor-widget elementor-widget-heading\" data-id=\"d3a014e\" data-element_type=\"widget\" data-e-type=\"widget\" data-widget_type=\"heading.default\">\n\t\t\t\t\t<h2 class=\"elementor-heading-title elementor-size-default\"><a href=\"mailto:tanya-amaranta@hotmail.com\">Tanya M\u00f6ller Forastieri<\/a><\/h2>\t\t\t\t<\/div>\n\t\t\t\t<div class=\"elementor-element elementor-element-549e11f elementor-widget elementor-widget-heading\" data-id=\"549e11f\" data-element_type=\"widget\" data-e-type=\"widget\" data-widget_type=\"heading.default\">\n\t\t\t\t\t<h2 class=\"elementor-heading-title elementor-size-default\"><b>Partnerkoordinator<\/b><\/h2>\t\t\t\t<\/div>\n\t\t\t\t<div class=\"elementor-element elementor-element-0401f20 elementor-widget elementor-widget-text-editor\" data-id=\"0401f20\" data-element_type=\"widget\" data-e-type=\"widget\" data-widget_type=\"text-editor.default\">\n\t\t\t\t\t\t\t\t\tJag h\u00e5ller kontakten med SCI och tar hand om <b>rekryteringen<\/b> av nya medlemmar.\t\t\t\t\t\t\t\t<\/div>\n\t\t\t\t<\/div>\n\t\t\t\t<\/div>\n\t\t\t\t<\/div>\n\t\t\t\t<\/div>\n\t\t\t\t<\/div>\n\t\t\t\t<\/div>","protected":false},"excerpt":{"rendered":"<p>Den h\u00e4r sidan kommer snart Tack f\u00f6r ditt t\u00e5lamod och din f\u00f6rst\u00e5else \u2764\ufe0f V\u00e5rt team Vi \u00e4r ett team av kreativa individer som alla delar passionen f\u00f6r volont\u00e4rarbete\u2014l\u00e4r k\u00e4nna oss. Kristina Hellqvist Ordf\u00f6rande Johanna Lundqvist Ledamot Hanna Zandin Ledamot Josefin Lindgren Ledamot Wiktoria Drezner Webbdesigner Jag tar hand om v\u00e5r webbplats och koordinerar volont\u00e4rl\u00e4ger under [&hellip;]<\/p>\n","protected":false},"author":6,"featured_media":0,"parent":31,"menu_order":0,"comment_status":"closed","ping_status":"closed","template":"elementor_header_footer","meta":{"_acf_changed":false,"footnotes":""},"class_list":["post-1283","page","type-page","status-publish","hentry"],"acf":[],"aioseo_notices":[],"_links":{"self":[{"href":"https:\/\/ial.se\/en\/wp-json\/wp\/v2\/pages\/1283","targetHints":{"allow":["GET"]}}],"collection":[{"href":"https:\/\/ial.se\/en\/wp-json\/wp\/v2\/pages"}],"about":[{"href":"https:\/\/ial.se\/en\/wp-json\/wp\/v2\/types\/page"}],"author":[{"embeddable":true,"href":"https:\/\/ial.se\/en\/wp-json\/wp\/v2\/users\/6"}],"replies":[{"embeddable":true,"href":"https:\/\/ial.se\/en\/wp-json\/wp\/v2\/comments?post=1283"}],"version-history":[{"count":4,"href":"https:\/\/ial.se\/en\/wp-json\/wp\/v2\/pages\/1283\/revisions"}],"predecessor-version":[{"id":2726,"href":"https:\/\/ial.se\/en\/wp-json\/wp\/v2\/pages\/1283\/revisions\/2726"}],"up":[{"embeddable":true,"href":"https:\/\/ial.se\/en\/wp-json\/wp\/v2\/pages\/31"}],"wp:attachment":[{"href":"https:\/\/ial.se\/en\/wp-json\/wp\/v2\/media?parent=1283"}],"curies":[{"name":"wp","href":"https:\/\/api.w.org\/{rel}","templated":true}]}}