{"id":1869,"date":"2025-09-12T10:33:13","date_gmt":"2025-09-12T08:33:13","guid":{"rendered":"https:\/\/ial.se\/?page_id=1869"},"modified":"2025-11-16T21:23:43","modified_gmt":"2025-11-16T20:23:43","slug":"volontarlager","status":"publish","type":"page","link":"https:\/\/ial.se\/en\/volontarlager\/","title":{"rendered":"Workcamps"},"content":{"rendered":"<div data-elementor-type=\"wp-page\" data-elementor-id=\"1869\" class=\"elementor elementor-1869\">\n\t\t\t\t<div class=\"elementor-element elementor-element-09fb1c0 e-con-full e-flex e-con e-parent\" data-id=\"09fb1c0\" data-element_type=\"container\" data-e-type=\"container\" data-settings=\"{&quot;background_background&quot;:&quot;classic&quot;}\">\n\t\t<div class=\"elementor-element elementor-element-ca72ca9 e-grid e-con-full e-con e-child\" data-id=\"ca72ca9\" data-element_type=\"container\" data-e-type=\"container\" data-settings=\"{&quot;background_background&quot;:&quot;classic&quot;}\">\n\t\t<div class=\"elementor-element elementor-element-b54cb1c e-con-full mx-width-2 e-flex e-con e-child\" data-id=\"b54cb1c\" data-element_type=\"container\" data-e-type=\"container\">\n\t\t\t\t<div class=\"elementor-element elementor-element-ddc791e elementor-widget elementor-widget-heading\" data-id=\"ddc791e\" data-element_type=\"widget\" data-e-type=\"widget\" data-widget_type=\"heading.default\">\n\t\t\t\t\t<h2 class=\"elementor-heading-title elementor-size-default\">Workcamps<\/h2>\t\t\t\t<\/div>\n\t\t\t\t<div class=\"elementor-element elementor-element-4628341 elementor-widget elementor-widget-text-editor\" data-id=\"4628341\" data-element_type=\"widget\" data-e-type=\"widget\" data-widget_type=\"text-editor.default\">\n\t\t\t\t\t\t\t\t\tHere you will find all the necessary information about workcamps. Maybe you are interested in becoming a camp leader, or maybe you want to become a volunteer yourself? Stay updated on our website and social media for meetings, gatherings and the launch of our workcamps.\t\t\t\t\t\t\t\t<\/div>\n\t\t\t\t<div class=\"elementor-element elementor-element-b9488ce elementor-widget elementor-widget-text-editor\" data-id=\"b9488ce\" data-element_type=\"widget\" data-e-type=\"widget\" data-widget_type=\"text-editor.default\">\n\t\t\t\t\t\t\t\t\tDuring the fall and winter, there are not as many workcamps as during the summer, but you can still find some projects looking for volunteers in our <a href=\"https:\/\/workcamps.sci.ngo\/icamps\/\" target=\"_blank\" rel=\"noopener\">database<\/a>. Are you interested in organising a workcamp in Sweden? Contact us at <a href=\"mailto:info@ial.se\">info@ial.se<\/a>.\t\t\t\t\t\t\t\t<\/div>\n\t\t\t\t<div class=\"elementor-element elementor-element-956651d elementor-widget elementor-widget-text-editor\" data-id=\"956651d\" data-element_type=\"widget\" data-e-type=\"widget\" data-widget_type=\"text-editor.default\">\n\t\t\t\t\t\t\t\t\tBelow you will find links to some resources that we have selected for you to learn more about workcamps.\t\t\t\t\t\t\t\t<\/div>\n\t\t\t\t<\/div>\n\t\t<div class=\"elementor-element elementor-element-9c0bb64 e-con-full elementor-hidden-tablet elementor-hidden-mobile e-flex e-con e-child\" data-id=\"9c0bb64\" data-element_type=\"container\" data-e-type=\"container\" data-settings=\"{&quot;background_background&quot;:&quot;classic&quot;}\">\n\t\t\t\t<\/div>\n\t\t\t\t<\/div>\n\t\t<div class=\"elementor-element elementor-element-b60e537 e-con-full mx-width e-grid e-con e-child\" data-id=\"b60e537\" data-element_type=\"container\" data-e-type=\"container\">\n\t\t<div class=\"elementor-element elementor-element-73c31a4 e-con-full e-flex e-con e-child\" data-id=\"73c31a4\" data-element_type=\"container\" data-e-type=\"container\">\n\t\t\t\t<div class=\"elementor-element elementor-element-31237d6 elementor-widget elementor-widget-image\" data-id=\"31237d6\" data-element_type=\"widget\" data-e-type=\"widget\" data-widget_type=\"image.default\">\n\t\t\t\t\t\t\t\t\t\t\t\t\t\t\t<img fetchpriority=\"high\" decoding=\"async\" width=\"1024\" height=\"768\" src=\"https:\/\/ial.se\/wp-content\/uploads\/2025\/09\/Backedal_2025_09-1024x768.jpg\" class=\"attachment-large size-large wp-image-2166\" alt=\"\" srcset=\"https:\/\/ial.se\/wp-content\/uploads\/2025\/09\/Backedal_2025_09-1024x768.jpg 1024w, https:\/\/ial.se\/wp-content\/uploads\/2025\/09\/Backedal_2025_09-300x225.jpg 300w, https:\/\/ial.se\/wp-content\/uploads\/2025\/09\/Backedal_2025_09-768x576.jpg 768w, https:\/\/ial.se\/wp-content\/uploads\/2025\/09\/Backedal_2025_09-1536x1152.jpg 1536w, https:\/\/ial.se\/wp-content\/uploads\/2025\/09\/Backedal_2025_09-2048x1536.jpg 2048w\" sizes=\"(max-width: 1024px) 100vw, 1024px\" \/>\t\t\t\t\t\t\t\t\t\t\t\t\t\t\t<\/div>\n\t\t\t\t<div class=\"elementor-element elementor-element-4c70a92 elementor-widget elementor-widget-heading\" data-id=\"4c70a92\" data-element_type=\"widget\" data-e-type=\"widget\" data-widget_type=\"heading.default\">\n\t\t\t\t\t<h2 class=\"elementor-heading-title elementor-size-default\"><a href=\"https:\/\/ial.se\/en\/volontarlager\/vad-ar-det\/\">What is a workcamp?<\/a><\/h2>\t\t\t\t<\/div>\n\t\t\t\t<div class=\"elementor-element elementor-element-06150a7 elementor-widget elementor-widget-text-editor\" data-id=\"06150a7\" data-element_type=\"widget\" data-e-type=\"widget\" data-widget_type=\"text-editor.default\">\n\t\t\t\t\t\t\t\t\tWorkcamps are international, short-term volunteer experiences where volunteers from all over the world work and live as a group for approximately two weeks. <a href=\"https:\/\/ial.se\/en\/volontarlager\/vad-ar-det\/\">Read more<\/a>.\t\t\t\t\t\t\t\t<\/div>\n\t\t\t\t<\/div>\n\t\t<div class=\"elementor-element elementor-element-0f1144b e-con-full e-flex e-con e-child\" data-id=\"0f1144b\" data-element_type=\"container\" data-e-type=\"container\">\n\t\t\t\t<div class=\"elementor-element elementor-element-7d7d349 elementor-widget elementor-widget-image\" data-id=\"7d7d349\" data-element_type=\"widget\" data-e-type=\"widget\" data-widget_type=\"image.default\">\n\t\t\t\t\t\t\t\t\t\t\t\t\t\t\t<img decoding=\"async\" width=\"1024\" height=\"768\" src=\"https:\/\/ial.se\/wp-content\/uploads\/2025\/09\/Backedal_2025_08-1024x768.jpg\" class=\"attachment-large size-large wp-image-2167\" alt=\"\" srcset=\"https:\/\/ial.se\/wp-content\/uploads\/2025\/09\/Backedal_2025_08-1024x768.jpg 1024w, https:\/\/ial.se\/wp-content\/uploads\/2025\/09\/Backedal_2025_08-300x225.jpg 300w, https:\/\/ial.se\/wp-content\/uploads\/2025\/09\/Backedal_2025_08-768x576.jpg 768w, https:\/\/ial.se\/wp-content\/uploads\/2025\/09\/Backedal_2025_08-1536x1152.jpg 1536w, https:\/\/ial.se\/wp-content\/uploads\/2025\/09\/Backedal_2025_08-2048x1536.jpg 2048w\" sizes=\"(max-width: 1024px) 100vw, 1024px\" \/>\t\t\t\t\t\t\t\t\t\t\t\t\t\t\t<\/div>\n\t\t\t\t<div class=\"elementor-element elementor-element-8a30694 elementor-widget elementor-widget-heading\" data-id=\"8a30694\" data-element_type=\"widget\" data-e-type=\"widget\" data-widget_type=\"heading.default\">\n\t\t\t\t\t<h2 class=\"elementor-heading-title elementor-size-default\"><a href=\"https:\/\/ial.se\/en\/volontarlager\/vem-kan-delta\/\">Who can participate in a camp?<\/a><\/h2>\t\t\t\t<\/div>\n\t\t\t\t<div class=\"elementor-element elementor-element-20ac254 elementor-widget elementor-widget-text-editor\" data-id=\"20ac254\" data-element_type=\"widget\" data-e-type=\"widget\" data-widget_type=\"text-editor.default\">\n\t\t\t\t\t\t\t\t\tWe want workcamps to be open and inclusive for everyone who shares our purpose and goals, regardless of any possible grounds for discrimination. <a href=\"https:\/\/ial.se\/en\/volontarlager\/vem-kan-delta\/\">Read more<\/a>.\t\t\t\t\t\t\t\t<\/div>\n\t\t\t\t<\/div>\n\t\t<div class=\"elementor-element elementor-element-0b35131 e-con-full e-flex e-con e-child\" data-id=\"0b35131\" data-element_type=\"container\" data-e-type=\"container\">\n\t\t\t\t<div class=\"elementor-element elementor-element-401ddff elementor-widget elementor-widget-image\" data-id=\"401ddff\" data-element_type=\"widget\" data-e-type=\"widget\" data-widget_type=\"image.default\">\n\t\t\t\t\t\t\t\t\t\t\t\t\t\t\t<img decoding=\"async\" width=\"1024\" height=\"768\" src=\"https:\/\/ial.se\/wp-content\/uploads\/2025\/09\/Backedal_2025_28-1024x768.jpg\" class=\"attachment-large size-large wp-image-2191\" alt=\"\" srcset=\"https:\/\/ial.se\/wp-content\/uploads\/2025\/09\/Backedal_2025_28-1024x768.jpg 1024w, https:\/\/ial.se\/wp-content\/uploads\/2025\/09\/Backedal_2025_28-300x225.jpg 300w, https:\/\/ial.se\/wp-content\/uploads\/2025\/09\/Backedal_2025_28-768x576.jpg 768w, https:\/\/ial.se\/wp-content\/uploads\/2025\/09\/Backedal_2025_28-1536x1152.jpg 1536w, https:\/\/ial.se\/wp-content\/uploads\/2025\/09\/Backedal_2025_28-2048x1536.jpg 2048w\" sizes=\"(max-width: 1024px) 100vw, 1024px\" \/>\t\t\t\t\t\t\t\t\t\t\t\t\t\t\t<\/div>\n\t\t\t\t<div class=\"elementor-element elementor-element-c3dff52 elementor-widget elementor-widget-heading\" data-id=\"c3dff52\" data-element_type=\"widget\" data-e-type=\"widget\" data-widget_type=\"heading.default\">\n\t\t\t\t\t<h2 class=\"elementor-heading-title elementor-size-default\"><a href=\"https:\/\/ial.se\/en\/volontarlager\/hur-ansoker-man\/\">How do you apply for a camp?<\/a><\/h2>\t\t\t\t<\/div>\n\t\t\t\t<div class=\"elementor-element elementor-element-c7391a1 elementor-widget elementor-widget-text-editor\" data-id=\"c7391a1\" data-element_type=\"widget\" data-e-type=\"widget\" data-widget_type=\"text-editor.default\">\n\t\t\t\t\t\t\t\t\tApplying for a workcamp is easy and straightforward. We recommend applying 2\u20133 months in advance. <a href=\"https:\/\/ial.se\/en\/volontarlager\/hur-ansoker-man\/\">Read more<\/a>.\t\t\t\t\t\t\t\t<\/div>\n\t\t\t\t<\/div>\n\t\t\t\t<\/div>\n\t\t<div class=\"elementor-element elementor-element-67fbf57 e-grid e-con-full e-con e-child\" data-id=\"67fbf57\" data-element_type=\"container\" data-e-type=\"container\">\n\t\t\t\t<div class=\"elementor-element elementor-element-1141112 elementor-widget elementor-widget-image\" data-id=\"1141112\" data-element_type=\"widget\" data-e-type=\"widget\" data-widget_type=\"image.default\">\n\t\t\t\t\t\t\t\t\t\t\t\t\t\t\t<img loading=\"lazy\" decoding=\"async\" width=\"2560\" height=\"1075\" src=\"https:\/\/ial.se\/wp-content\/uploads\/2025\/09\/Backedal_2025_12-scaled.jpg\" class=\"attachment-full size-full wp-image-2169\" alt=\"\" srcset=\"https:\/\/ial.se\/wp-content\/uploads\/2025\/09\/Backedal_2025_12-scaled.jpg 2560w, https:\/\/ial.se\/wp-content\/uploads\/2025\/09\/Backedal_2025_12-300x126.jpg 300w, https:\/\/ial.se\/wp-content\/uploads\/2025\/09\/Backedal_2025_12-1024x430.jpg 1024w, https:\/\/ial.se\/wp-content\/uploads\/2025\/09\/Backedal_2025_12-768x322.jpg 768w, https:\/\/ial.se\/wp-content\/uploads\/2025\/09\/Backedal_2025_12-1536x645.jpg 1536w, https:\/\/ial.se\/wp-content\/uploads\/2025\/09\/Backedal_2025_12-2048x860.jpg 2048w\" sizes=\"(max-width: 2560px) 100vw, 2560px\" \/>\t\t\t\t\t\t\t\t\t\t\t\t\t\t\t<\/div>\n\t\t\t\t<\/div>\n\t\t\t\t<\/div>\n\t\t\t\t<\/div>","protected":false},"excerpt":{"rendered":"<p>Volont\u00e4rl\u00e4ger H\u00e4r hittar du all n\u00f6dv\u00e4ndig information om volont\u00e4rl\u00e4ger. Kanske \u00e4r du intresserad av att bli l\u00e4gerledare, eller kanske vill du sj\u00e4lv bli volont\u00e4r? H\u00e5ll dig uppdaterad p\u00e5 v\u00e5r webbplats och sociala medier f\u00f6r m\u00f6ten, sammankomster och lanseringen av v\u00e5ra l\u00e4ger.Under h\u00f6sten och vintern finns det inte lika m\u00e5nga volont\u00e4rl\u00e4ger som under sommaren, men du [&hellip;]<\/p>\n","protected":false},"author":6,"featured_media":0,"parent":0,"menu_order":0,"comment_status":"closed","ping_status":"closed","template":"elementor_header_footer","meta":{"_acf_changed":false,"footnotes":""},"class_list":["post-1869","page","type-page","status-publish","hentry"],"acf":[],"aioseo_notices":[],"_links":{"self":[{"href":"https:\/\/ial.se\/en\/wp-json\/wp\/v2\/pages\/1869","targetHints":{"allow":["GET"]}}],"collection":[{"href":"https:\/\/ial.se\/en\/wp-json\/wp\/v2\/pages"}],"about":[{"href":"https:\/\/ial.se\/en\/wp-json\/wp\/v2\/types\/page"}],"author":[{"embeddable":true,"href":"https:\/\/ial.se\/en\/wp-json\/wp\/v2\/users\/6"}],"replies":[{"embeddable":true,"href":"https:\/\/ial.se\/en\/wp-json\/wp\/v2\/comments?post=1869"}],"version-history":[{"count":0,"href":"https:\/\/ial.se\/en\/wp-json\/wp\/v2\/pages\/1869\/revisions"}],"wp:attachment":[{"href":"https:\/\/ial.se\/en\/wp-json\/wp\/v2\/media?parent=1869"}],"curies":[{"name":"wp","href":"https:\/\/api.w.org\/{rel}","templated":true}]}}