{"id":2042,"date":"2025-09-12T18:34:47","date_gmt":"2025-09-12T16:34:47","guid":{"rendered":"https:\/\/ial.se\/?page_id=2042"},"modified":"2025-11-16T21:25:55","modified_gmt":"2025-11-16T20:25:55","slug":"vem-kan-delta","status":"publish","type":"page","link":"https:\/\/ial.se\/en\/volontarlager\/vem-kan-delta\/","title":{"rendered":"Who can participate in a workcamp?"},"content":{"rendered":"<div data-elementor-type=\"wp-page\" data-elementor-id=\"2042\" class=\"elementor elementor-2042\">\n\t\t\t\t<div class=\"elementor-element elementor-element-aa3daea e-con-full e-flex e-con e-parent\" data-id=\"aa3daea\" data-element_type=\"container\" data-e-type=\"container\">\n\t\t<div class=\"elementor-element elementor-element-f68a56b e-con-full mx-width e-grid e-con e-child\" data-id=\"f68a56b\" data-element_type=\"container\" data-e-type=\"container\">\n\t\t<div class=\"elementor-element elementor-element-216e6af e-con-full e-flex e-con e-child\" data-id=\"216e6af\" data-element_type=\"container\" data-e-type=\"container\">\n\t\t\t\t<div class=\"elementor-element elementor-element-eec2907 elementor-widget elementor-widget-heading\" data-id=\"eec2907\" data-element_type=\"widget\" data-e-type=\"widget\" data-widget_type=\"heading.default\">\n\t\t\t\t\t<h2 class=\"elementor-heading-title elementor-size-default\">Who can participate in a workcamp?<\/h2>\t\t\t\t<\/div>\n\t\t\t\t<div class=\"elementor-element elementor-element-596ded2 elementor-widget elementor-widget-text-editor\" data-id=\"596ded2\" data-element_type=\"widget\" data-e-type=\"widget\" data-widget_type=\"text-editor.default\">\n\t\t\t\t\t\t\t\t\tWe want workcamps to be <b>open and inclusive for everyone who shares our purpose and goals<\/b>, regardless of ethnicity, gender, faith, nationality, sexual orientation, socio-economic background or any other grounds for discrimination. SCI is a non-profit organization and can therefore keep <b>participation fees low<\/b>. This makes workcamps accessible to people with fewer resources. In some countries, SCI has special programs for young people with fewer opportunities that facilitate their participation in short-term projects.\t\t\t\t\t\t\t\t<\/div>\n\t\t\t\t<div class=\"elementor-element elementor-element-3bb3892 elementor-widget elementor-widget-text-editor\" data-id=\"3bb3892\" data-element_type=\"widget\" data-e-type=\"widget\" data-widget_type=\"text-editor.default\">\n\t\t\t\t\t\t\t\t\tYou can also participate in a volunteer camp as a <b>camp coordinator<\/b>, helping other volunteers to settle into the camp, leading study sessions or meetings, acting as an intermediary between the local partners and the volunteers, and helping to create a happy and collaborative atmosphere.\t\t\t\t\t\t\t\t<\/div>\n\t\t\t\t<\/div>\n\t\t\t\t<div class=\"elementor-element elementor-element-29df039 elementor-widget elementor-widget-image\" data-id=\"29df039\" data-element_type=\"widget\" data-e-type=\"widget\" data-widget_type=\"image.default\">\n\t\t\t\t\t\t\t\t\t\t\t\t\t\t\t<img fetchpriority=\"high\" decoding=\"async\" width=\"1000\" height=\"1000\" src=\"https:\/\/ial.se\/wp-content\/uploads\/2025\/09\/IAL_ForWhom_02.jpeg\" class=\"attachment-full size-full wp-image-2055\" alt=\"\" srcset=\"https:\/\/ial.se\/wp-content\/uploads\/2025\/09\/IAL_ForWhom_02.jpeg 1000w, https:\/\/ial.se\/wp-content\/uploads\/2025\/09\/IAL_ForWhom_02-300x300.jpeg 300w, https:\/\/ial.se\/wp-content\/uploads\/2025\/09\/IAL_ForWhom_02-150x150.jpeg 150w, https:\/\/ial.se\/wp-content\/uploads\/2025\/09\/IAL_ForWhom_02-768x768.jpeg 768w, https:\/\/ial.se\/wp-content\/uploads\/2025\/09\/IAL_ForWhom_02-500x500.jpeg 500w\" sizes=\"(max-width: 1000px) 100vw, 1000px\" \/>\t\t\t\t\t\t\t\t\t\t\t\t\t\t\t<\/div>\n\t\t\t\t<div class=\"elementor-element elementor-element-ea742b4 elementor-widget elementor-widget-image\" data-id=\"ea742b4\" data-element_type=\"widget\" data-e-type=\"widget\" data-widget_type=\"image.default\">\n\t\t\t\t\t\t\t\t\t\t\t\t\t\t\t<img decoding=\"async\" width=\"1000\" height=\"1000\" src=\"https:\/\/ial.se\/wp-content\/uploads\/2025\/09\/IAL_ForWhom_03.jpeg\" class=\"attachment-full size-full wp-image-2056\" alt=\"\" srcset=\"https:\/\/ial.se\/wp-content\/uploads\/2025\/09\/IAL_ForWhom_03.jpeg 1000w, https:\/\/ial.se\/wp-content\/uploads\/2025\/09\/IAL_ForWhom_03-300x300.jpeg 300w, https:\/\/ial.se\/wp-content\/uploads\/2025\/09\/IAL_ForWhom_03-150x150.jpeg 150w, https:\/\/ial.se\/wp-content\/uploads\/2025\/09\/IAL_ForWhom_03-768x768.jpeg 768w, https:\/\/ial.se\/wp-content\/uploads\/2025\/09\/IAL_ForWhom_03-500x500.jpeg 500w\" sizes=\"(max-width: 1000px) 100vw, 1000px\" \/>\t\t\t\t\t\t\t\t\t\t\t\t\t\t\t<\/div>\n\t\t\t\t<div class=\"elementor-element elementor-element-6728f34 elementor-widget elementor-widget-image\" data-id=\"6728f34\" data-element_type=\"widget\" data-e-type=\"widget\" data-widget_type=\"image.default\">\n\t\t\t\t\t\t\t\t\t\t\t\t\t\t\t<img decoding=\"async\" width=\"1000\" height=\"1000\" src=\"https:\/\/ial.se\/wp-content\/uploads\/2025\/09\/IAL_ForWhom_04.jpeg\" class=\"attachment-full size-full wp-image-2057\" alt=\"\" srcset=\"https:\/\/ial.se\/wp-content\/uploads\/2025\/09\/IAL_ForWhom_04.jpeg 1000w, https:\/\/ial.se\/wp-content\/uploads\/2025\/09\/IAL_ForWhom_04-300x300.jpeg 300w, https:\/\/ial.se\/wp-content\/uploads\/2025\/09\/IAL_ForWhom_04-150x150.jpeg 150w, https:\/\/ial.se\/wp-content\/uploads\/2025\/09\/IAL_ForWhom_04-768x768.jpeg 768w, https:\/\/ial.se\/wp-content\/uploads\/2025\/09\/IAL_ForWhom_04-500x500.jpeg 500w\" sizes=\"(max-width: 1000px) 100vw, 1000px\" \/>\t\t\t\t\t\t\t\t\t\t\t\t\t\t\t<\/div>\n\t\t\t\t<div class=\"elementor-element elementor-element-51df93b elementor-widget elementor-widget-image\" data-id=\"51df93b\" data-element_type=\"widget\" data-e-type=\"widget\" data-widget_type=\"image.default\">\n\t\t\t\t\t\t\t\t\t\t\t\t\t\t\t<img loading=\"lazy\" decoding=\"async\" width=\"1000\" height=\"1000\" src=\"https:\/\/ial.se\/wp-content\/uploads\/2025\/09\/IAL_ForWhom_05.jpeg\" class=\"attachment-full size-full wp-image-2058\" alt=\"\" srcset=\"https:\/\/ial.se\/wp-content\/uploads\/2025\/09\/IAL_ForWhom_05.jpeg 1000w, https:\/\/ial.se\/wp-content\/uploads\/2025\/09\/IAL_ForWhom_05-300x300.jpeg 300w, https:\/\/ial.se\/wp-content\/uploads\/2025\/09\/IAL_ForWhom_05-150x150.jpeg 150w, https:\/\/ial.se\/wp-content\/uploads\/2025\/09\/IAL_ForWhom_05-768x768.jpeg 768w, https:\/\/ial.se\/wp-content\/uploads\/2025\/09\/IAL_ForWhom_05-500x500.jpeg 500w\" sizes=\"(max-width: 1000px) 100vw, 1000px\" \/>\t\t\t\t\t\t\t\t\t\t\t\t\t\t\t<\/div>\n\t\t\t\t<div class=\"elementor-element elementor-element-f883793 elementor-widget elementor-widget-image\" data-id=\"f883793\" data-element_type=\"widget\" data-e-type=\"widget\" data-widget_type=\"image.default\">\n\t\t\t\t\t\t\t\t\t\t\t\t\t\t\t<img loading=\"lazy\" decoding=\"async\" width=\"1000\" height=\"1000\" src=\"https:\/\/ial.se\/wp-content\/uploads\/2025\/09\/IAL_ForWhom_07.jpeg\" class=\"attachment-full size-full wp-image-2060\" alt=\"\" srcset=\"https:\/\/ial.se\/wp-content\/uploads\/2025\/09\/IAL_ForWhom_07.jpeg 1000w, https:\/\/ial.se\/wp-content\/uploads\/2025\/09\/IAL_ForWhom_07-300x300.jpeg 300w, https:\/\/ial.se\/wp-content\/uploads\/2025\/09\/IAL_ForWhom_07-150x150.jpeg 150w, https:\/\/ial.se\/wp-content\/uploads\/2025\/09\/IAL_ForWhom_07-768x768.jpeg 768w, https:\/\/ial.se\/wp-content\/uploads\/2025\/09\/IAL_ForWhom_07-500x500.jpeg 500w\" sizes=\"(max-width: 1000px) 100vw, 1000px\" \/>\t\t\t\t\t\t\t\t\t\t\t\t\t\t\t<\/div>\n\t\t\t\t<div class=\"elementor-element elementor-element-0f52399 elementor-widget elementor-widget-image\" data-id=\"0f52399\" data-element_type=\"widget\" data-e-type=\"widget\" data-widget_type=\"image.default\">\n\t\t\t\t\t\t\t\t\t\t\t\t\t\t\t<img loading=\"lazy\" decoding=\"async\" width=\"1000\" height=\"1000\" src=\"https:\/\/ial.se\/wp-content\/uploads\/2025\/09\/IAL_ForWhom_08.jpeg\" class=\"attachment-full size-full wp-image-2061\" alt=\"\" srcset=\"https:\/\/ial.se\/wp-content\/uploads\/2025\/09\/IAL_ForWhom_08.jpeg 1000w, https:\/\/ial.se\/wp-content\/uploads\/2025\/09\/IAL_ForWhom_08-300x300.jpeg 300w, https:\/\/ial.se\/wp-content\/uploads\/2025\/09\/IAL_ForWhom_08-150x150.jpeg 150w, https:\/\/ial.se\/wp-content\/uploads\/2025\/09\/IAL_ForWhom_08-768x768.jpeg 768w, https:\/\/ial.se\/wp-content\/uploads\/2025\/09\/IAL_ForWhom_08-500x500.jpeg 500w\" sizes=\"(max-width: 1000px) 100vw, 1000px\" \/>\t\t\t\t\t\t\t\t\t\t\t\t\t\t\t<\/div>\n\t\t\t\t<div class=\"elementor-element elementor-element-2147bb1 elementor-widget elementor-widget-image\" data-id=\"2147bb1\" data-element_type=\"widget\" data-e-type=\"widget\" data-widget_type=\"image.default\">\n\t\t\t\t\t\t\t\t\t\t\t\t\t\t\t<img loading=\"lazy\" decoding=\"async\" width=\"1000\" height=\"1000\" src=\"https:\/\/ial.se\/wp-content\/uploads\/2025\/09\/IAL_ForWhom_06.jpeg\" class=\"attachment-full size-full wp-image-2059\" alt=\"\" srcset=\"https:\/\/ial.se\/wp-content\/uploads\/2025\/09\/IAL_ForWhom_06.jpeg 1000w, https:\/\/ial.se\/wp-content\/uploads\/2025\/09\/IAL_ForWhom_06-300x300.jpeg 300w, https:\/\/ial.se\/wp-content\/uploads\/2025\/09\/IAL_ForWhom_06-150x150.jpeg 150w, https:\/\/ial.se\/wp-content\/uploads\/2025\/09\/IAL_ForWhom_06-768x768.jpeg 768w, https:\/\/ial.se\/wp-content\/uploads\/2025\/09\/IAL_ForWhom_06-500x500.jpeg 500w\" sizes=\"(max-width: 1000px) 100vw, 1000px\" \/>\t\t\t\t\t\t\t\t\t\t\t\t\t\t\t<\/div>\n\t\t\t\t<\/div>\n\t\t\t\t<\/div>\n\t\t\t\t<\/div>","protected":false},"excerpt":{"rendered":"<p>Vem kan delta p\u00e5 ett volont\u00e4rl\u00e4ger? Vi vill att volont\u00e4rl\u00e4ger \u00e4r \u00f6ppna och inkluderande f\u00f6r alla som delar v\u00e5rt syfte och m\u00e5l, oavsett etnicitet, k\u00f6n, tro, nationalitet, sexuell l\u00e4ggning, socio-ekonomisk bakgrund eller n\u00e5gon annan t\u00e4nkbar diskrimineringsgrund. SCI \u00e4r en ideell organisation och kan d\u00e4rf\u00f6r h\u00e5lla deltagaravgifterna l\u00e5ga. Detta g\u00f6r volont\u00e4rl\u00e4gren tillg\u00e4ngliga f\u00f6r personer med f\u00e4rre [&hellip;]<\/p>\n","protected":false},"author":6,"featured_media":0,"parent":1869,"menu_order":0,"comment_status":"closed","ping_status":"closed","template":"elementor_header_footer","meta":{"_acf_changed":false,"footnotes":""},"class_list":["post-2042","page","type-page","status-publish","hentry"],"acf":[],"aioseo_notices":[],"_links":{"self":[{"href":"https:\/\/ial.se\/en\/wp-json\/wp\/v2\/pages\/2042","targetHints":{"allow":["GET"]}}],"collection":[{"href":"https:\/\/ial.se\/en\/wp-json\/wp\/v2\/pages"}],"about":[{"href":"https:\/\/ial.se\/en\/wp-json\/wp\/v2\/types\/page"}],"author":[{"embeddable":true,"href":"https:\/\/ial.se\/en\/wp-json\/wp\/v2\/users\/6"}],"replies":[{"embeddable":true,"href":"https:\/\/ial.se\/en\/wp-json\/wp\/v2\/comments?post=2042"}],"version-history":[{"count":0,"href":"https:\/\/ial.se\/en\/wp-json\/wp\/v2\/pages\/2042\/revisions"}],"up":[{"embeddable":true,"href":"https:\/\/ial.se\/en\/wp-json\/wp\/v2\/pages\/1869"}],"wp:attachment":[{"href":"https:\/\/ial.se\/en\/wp-json\/wp\/v2\/media?parent=2042"}],"curies":[{"name":"wp","href":"https:\/\/api.w.org\/{rel}","templated":true}]}}