{"id":2132,"date":"2025-09-13T10:05:10","date_gmt":"2025-09-13T08:05:10","guid":{"rendered":"https:\/\/ial.se\/?page_id=2132"},"modified":"2025-11-16T21:27:10","modified_gmt":"2025-11-16T20:27:10","slug":"hur-ansoker-man","status":"publish","type":"page","link":"https:\/\/ial.se\/en\/volontarlager\/hur-ansoker-man\/","title":{"rendered":"How do you apply for a workcamp?"},"content":{"rendered":"<div data-elementor-type=\"wp-page\" data-elementor-id=\"2132\" class=\"elementor elementor-2132\">\n\t\t\t\t<div class=\"elementor-element elementor-element-3edd7cb e-con-full e-flex e-con e-parent\" data-id=\"3edd7cb\" data-element_type=\"container\" data-e-type=\"container\">\n\t\t<div class=\"elementor-element elementor-element-ef5154a e-con-full mx-width e-grid e-con e-child\" data-id=\"ef5154a\" data-element_type=\"container\" data-e-type=\"container\">\n\t\t<div class=\"elementor-element elementor-element-95ae4c8 e-con-full e-flex e-con e-child\" data-id=\"95ae4c8\" data-element_type=\"container\" data-e-type=\"container\">\n\t\t\t\t<div class=\"elementor-element elementor-element-a51347b elementor-widget elementor-widget-heading\" data-id=\"a51347b\" data-element_type=\"widget\" data-e-type=\"widget\" data-widget_type=\"heading.default\">\n\t\t\t\t\t<h2 class=\"elementor-heading-title elementor-size-default\">How do you apply for a workcamp?<\/h2>\t\t\t\t<\/div>\n\t\t\t\t<div class=\"elementor-element elementor-element-b7ddc50 elementor-widget elementor-widget-text-editor\" data-id=\"b7ddc50\" data-element_type=\"widget\" data-e-type=\"widget\" data-widget_type=\"text-editor.default\">\n\t\t\t\t\t\t\t\t\tApplying for a workcamp is <b>easy and straightforward<\/b>. Make sure to <b>apply well in advance<\/b>. We recommend applying 2\u20133 months in advance.\t\t\t\t\t\t\t\t<\/div>\n\t\t<div class=\"elementor-element elementor-element-2d1eb8e e-con-full e-flex e-con e-child\" data-id=\"2d1eb8e\" data-element_type=\"container\" data-e-type=\"container\">\n\t\t<div class=\"elementor-element elementor-element-ea40868 e-con-full e-flex e-con e-child\" data-id=\"ea40868\" data-element_type=\"container\" data-e-type=\"container\" data-settings=\"{&quot;background_background&quot;:&quot;classic&quot;}\">\n\t\t\t\t<div class=\"elementor-element elementor-element-77bd3d0 elementor-widget elementor-widget-heading\" data-id=\"77bd3d0\" data-element_type=\"widget\" data-e-type=\"widget\" data-widget_type=\"heading.default\">\n\t\t\t\t\t<h2 class=\"elementor-heading-title elementor-size-default\">1<\/h2>\t\t\t\t<\/div>\n\t\t\t\t<\/div>\n\t\t\t\t<div class=\"elementor-element elementor-element-94b8e75 elementor-widget elementor-widget-text-editor\" data-id=\"94b8e75\" data-element_type=\"widget\" data-e-type=\"widget\" data-widget_type=\"text-editor.default\">\n\t\t\t\t\t\t\t\t\tSearch the <a href=\"https:\/\/workcamps.sci.ngo\/icamps\/\" target=\"_blank\" rel=\"noopener\">workcamp database<\/a> for available volunteer camps.\t\t\t\t\t\t\t\t<\/div>\n\t\t\t\t<\/div>\n\t\t<div class=\"elementor-element elementor-element-f7930c0 e-con-full e-flex e-con e-child\" data-id=\"f7930c0\" data-element_type=\"container\" data-e-type=\"container\">\n\t\t<div class=\"elementor-element elementor-element-8113677 e-con-full e-flex e-con e-child\" data-id=\"8113677\" data-element_type=\"container\" data-e-type=\"container\" data-settings=\"{&quot;background_background&quot;:&quot;classic&quot;}\">\n\t\t\t\t<div class=\"elementor-element elementor-element-88c4adf elementor-widget elementor-widget-heading\" data-id=\"88c4adf\" data-element_type=\"widget\" data-e-type=\"widget\" data-widget_type=\"heading.default\">\n\t\t\t\t\t<h2 class=\"elementor-heading-title elementor-size-default\">2<\/h2>\t\t\t\t<\/div>\n\t\t\t\t<\/div>\n\t\t\t\t<div class=\"elementor-element elementor-element-717044f elementor-widget elementor-widget-text-editor\" data-id=\"717044f\" data-element_type=\"widget\" data-e-type=\"widget\" data-widget_type=\"text-editor.default\">\n\t\t\t\t\t\t\t\t\tRegister directly in the database. You can apply to more than one camp. Sometimes spots fill up quickly\u2014so <b>choosing more than one camp<\/b> increases your chances of getting a spot.\t\t\t\t\t\t\t\t<\/div>\n\t\t\t\t<\/div>\n\t\t<div class=\"elementor-element elementor-element-5369f08 e-con-full e-flex e-con e-child\" data-id=\"5369f08\" data-element_type=\"container\" data-e-type=\"container\">\n\t\t<div class=\"elementor-element elementor-element-dd8dec6 e-con-full e-flex e-con e-child\" data-id=\"dd8dec6\" data-element_type=\"container\" data-e-type=\"container\" data-settings=\"{&quot;background_background&quot;:&quot;classic&quot;}\">\n\t\t\t\t<div class=\"elementor-element elementor-element-f777bcf elementor-widget elementor-widget-heading\" data-id=\"f777bcf\" data-element_type=\"widget\" data-e-type=\"widget\" data-widget_type=\"heading.default\">\n\t\t\t\t\t<h2 class=\"elementor-heading-title elementor-size-default\">3<\/h2>\t\t\t\t<\/div>\n\t\t\t\t<\/div>\n\t\t\t\t<div class=\"elementor-element elementor-element-2215941 elementor-widget elementor-widget-text-editor\" data-id=\"2215941\" data-element_type=\"widget\" data-e-type=\"widget\" data-widget_type=\"text-editor.default\">\n\t\t\t\t\t\t\t\t\tOnce you have applied for a camp, please send us an email at <a href=\"mailto:info@ial.se\">info@ial.se<\/a> and let us know. If you have any questions, you can of course contact us.\t\t\t\t\t\t\t\t<\/div>\n\t\t\t\t<\/div>\n\t\t<div class=\"elementor-element elementor-element-60e59d7 e-con-full e-flex e-con e-child\" data-id=\"60e59d7\" data-element_type=\"container\" data-e-type=\"container\">\n\t\t<div class=\"elementor-element elementor-element-6a5509b e-con-full e-flex e-con e-child\" data-id=\"6a5509b\" data-element_type=\"container\" data-e-type=\"container\" data-settings=\"{&quot;background_background&quot;:&quot;classic&quot;}\">\n\t\t\t\t<div class=\"elementor-element elementor-element-958b7d3 elementor-widget elementor-widget-heading\" data-id=\"958b7d3\" data-element_type=\"widget\" data-e-type=\"widget\" data-widget_type=\"heading.default\">\n\t\t\t\t\t<h2 class=\"elementor-heading-title elementor-size-default\">4<\/h2>\t\t\t\t<\/div>\n\t\t\t\t<\/div>\n\t\t\t\t<div class=\"elementor-element elementor-element-f686781 elementor-widget elementor-widget-text-editor\" data-id=\"f686781\" data-element_type=\"widget\" data-e-type=\"widget\" data-widget_type=\"text-editor.default\">\n\t\t\t\t\t\t\t\t\tPay <b>camp fee 1500 SEK<\/b> + membership fee to IAL 150 SEK\/year to bank account 5283-0643. If you choose not to fly to your camp, you will receive a <b>refund of 500 SEK<\/b> upon presentation of your ticket.\t\t\t\t\t\t\t\t<\/div>\n\t\t\t\t<\/div>\n\t\t<div class=\"elementor-element elementor-element-e2e6b32 e-con-full e-flex e-con e-child\" data-id=\"e2e6b32\" data-element_type=\"container\" data-e-type=\"container\">\n\t\t<div class=\"elementor-element elementor-element-9e181f8 e-con-full e-flex e-con e-child\" data-id=\"9e181f8\" data-element_type=\"container\" data-e-type=\"container\" data-settings=\"{&quot;background_background&quot;:&quot;classic&quot;}\">\n\t\t\t\t<div class=\"elementor-element elementor-element-8ca439e elementor-widget elementor-widget-heading\" data-id=\"8ca439e\" data-element_type=\"widget\" data-e-type=\"widget\" data-widget_type=\"heading.default\">\n\t\t\t\t\t<h2 class=\"elementor-heading-title elementor-size-default\">5<\/h2>\t\t\t\t<\/div>\n\t\t\t\t<\/div>\n\t\t\t\t<div class=\"elementor-element elementor-element-2460126 elementor-widget elementor-widget-text-editor\" data-id=\"2460126\" data-element_type=\"widget\" data-e-type=\"widget\" data-widget_type=\"text-editor.default\">\n\t\t\t\t\t\t\t\t\tWait for a response.\t\t\t\t\t\t\t\t<\/div>\n\t\t\t\t<\/div>\n\t\t<div class=\"elementor-element elementor-element-ffc0a1c e-con-full e-flex e-con e-child\" data-id=\"ffc0a1c\" data-element_type=\"container\" data-e-type=\"container\">\n\t\t<div class=\"elementor-element elementor-element-5e4bdc6 e-con-full e-flex e-con e-child\" data-id=\"5e4bdc6\" data-element_type=\"container\" data-e-type=\"container\" data-settings=\"{&quot;background_background&quot;:&quot;classic&quot;}\">\n\t\t\t\t<div class=\"elementor-element elementor-element-e21ebc8 elementor-widget elementor-widget-heading\" data-id=\"e21ebc8\" data-element_type=\"widget\" data-e-type=\"widget\" data-widget_type=\"heading.default\">\n\t\t\t\t\t<h2 class=\"elementor-heading-title elementor-size-default\">6<\/h2>\t\t\t\t<\/div>\n\t\t\t\t<\/div>\n\t\t\t\t<div class=\"elementor-element elementor-element-340a231 elementor-widget elementor-widget-text-editor\" data-id=\"340a231\" data-element_type=\"widget\" data-e-type=\"widget\" data-widget_type=\"text-editor.default\">\n\t\t\t\t\t\t\t\t\tWhen you get a placement, <b>accept it<\/b>. Pack your bags and go.\t\t\t\t\t\t\t\t<\/div>\n\t\t\t\t<\/div>\n\t\t\t\t<\/div>\n\t\t\t\t<div class=\"elementor-element elementor-element-1e4bd04 elementor-widget elementor-widget-video\" data-id=\"1e4bd04\" data-element_type=\"widget\" data-e-type=\"widget\" data-settings=\"{&quot;youtube_url&quot;:&quot;https:\\\/\\\/youtu.be\\\/3VWegaElahw?si=lqRaHTk_4-vSqo1h&quot;,&quot;video_type&quot;:&quot;youtube&quot;,&quot;controls&quot;:&quot;yes&quot;}\" data-widget_type=\"video.default\">\n\t\t\t\t\t\t\t<div class=\"elementor-wrapper elementor-open-inline\">\n\t\t\t<div class=\"elementor-video\"><\/div>\t\t<\/div>\n\t\t\t\t\t\t<\/div>\n\t\t\t\t<\/div>\n\t\t\t\t<\/div>\n\t\t\t\t<\/div>","protected":false},"excerpt":{"rendered":"<p>Hur ans\u00f6ker man till ett volont\u00e4rl\u00e4ger? Att ans\u00f6ka till ett volont\u00e4rl\u00e4ger \u00e4r enkelt och smidigt. Se till att ans\u00f6ka i god tid. Vi rekommenderar att ans\u00f6ka 2\u20133 m\u00e5nader i f\u00f6rv\u00e4g. 1 S\u00f6k i l\u00e4gerdatabasen efter tillg\u00e4ngliga volont\u00e4rl\u00e4ger. 2 Anm\u00e4l dig direkt i databasen. Du kan ans\u00f6ka till fler \u00e4n ett l\u00e4ger. Ibland blir platserna fyllda [&hellip;]<\/p>\n","protected":false},"author":6,"featured_media":0,"parent":1869,"menu_order":0,"comment_status":"closed","ping_status":"closed","template":"elementor_header_footer","meta":{"_acf_changed":false,"footnotes":""},"class_list":["post-2132","page","type-page","status-publish","hentry"],"acf":[],"aioseo_notices":[],"_links":{"self":[{"href":"https:\/\/ial.se\/en\/wp-json\/wp\/v2\/pages\/2132","targetHints":{"allow":["GET"]}}],"collection":[{"href":"https:\/\/ial.se\/en\/wp-json\/wp\/v2\/pages"}],"about":[{"href":"https:\/\/ial.se\/en\/wp-json\/wp\/v2\/types\/page"}],"author":[{"embeddable":true,"href":"https:\/\/ial.se\/en\/wp-json\/wp\/v2\/users\/6"}],"replies":[{"embeddable":true,"href":"https:\/\/ial.se\/en\/wp-json\/wp\/v2\/comments?post=2132"}],"version-history":[{"count":0,"href":"https:\/\/ial.se\/en\/wp-json\/wp\/v2\/pages\/2132\/revisions"}],"up":[{"embeddable":true,"href":"https:\/\/ial.se\/en\/wp-json\/wp\/v2\/pages\/1869"}],"wp:attachment":[{"href":"https:\/\/ial.se\/en\/wp-json\/wp\/v2\/media?parent=2132"}],"curies":[{"name":"wp","href":"https:\/\/api.w.org\/{rel}","templated":true}]}}