{"id":2454,"date":"2025-10-04T12:33:34","date_gmt":"2025-10-04T10:33:34","guid":{"rendered":"https:\/\/ial.se\/?page_id=2454"},"modified":"2025-11-09T13:49:18","modified_gmt":"2025-11-09T12:49:18","slug":"scis-historia","status":"publish","type":"page","link":"https:\/\/ial.se\/en\/om-oss\/scis-historia\/","title":{"rendered":"SCI's History"},"content":{"rendered":"<div data-elementor-type=\"wp-page\" data-elementor-id=\"2454\" class=\"elementor elementor-2454\">\n\t\t\t\t<div class=\"elementor-element elementor-element-1abdd56 e-con-full e-flex e-con e-parent\" data-id=\"1abdd56\" data-element_type=\"container\" data-e-type=\"container\">\n\t\t<div class=\"elementor-element elementor-element-56ac83c e-grid e-con-full e-con e-child\" data-id=\"56ac83c\" data-element_type=\"container\" data-e-type=\"container\">\n\t\t<div class=\"elementor-element elementor-element-39332ae e-con-full mx-width-2 e-flex e-con e-child\" data-id=\"39332ae\" data-element_type=\"container\" data-e-type=\"container\">\n\t\t\t\t<div class=\"elementor-element elementor-element-6af2300 elementor-widget elementor-widget-heading\" data-id=\"6af2300\" data-element_type=\"widget\" data-e-type=\"widget\" data-widget_type=\"heading.default\">\n\t\t\t\t\t<h2 class=\"elementor-heading-title elementor-size-default\">The origin of SCI<\/h2>\t\t\t\t<\/div>\n\t\t\t\t<div class=\"elementor-element elementor-element-d216c70 elementor-widget elementor-widget-text-editor\" data-id=\"d216c70\" data-element_type=\"widget\" data-e-type=\"widget\" data-widget_type=\"text-editor.default\">\n\t\t\t\t\t\t\t\t\tSCI was founded by <b>Pierre C\u00e9r\u00e9sole<\/b>, a Swiss engineer, who established a peace and humanitarian movement <b>after World War I in 1920<\/b> and thereby laid the foundation for SCI. C\u00e9r\u00e9sole organised the first international working camp on the former battlefield of Verdun in France in 1920 to rebuild the war-torn village of Esnes-en-Argonne.\t\t\t\t\t\t\t\t<\/div>\n\t\t\t\t<div class=\"elementor-element elementor-element-e351fab elementor-widget elementor-widget-video\" data-id=\"e351fab\" data-element_type=\"widget\" data-e-type=\"widget\" data-settings=\"{&quot;youtube_url&quot;:&quot;https:\\\/\\\/www.youtube.com\\\/watch?v=2vg1q07FYzQ&quot;,&quot;video_type&quot;:&quot;youtube&quot;,&quot;controls&quot;:&quot;yes&quot;}\" data-widget_type=\"video.default\">\n\t\t\t\t\t\t\t<div class=\"elementor-wrapper elementor-open-inline\">\n\t\t\t<div class=\"elementor-video\"><\/div>\t\t<\/div>\n\t\t\t\t\t\t<\/div>\n\t\t\t\t<\/div>\n\t\t<div class=\"elementor-element elementor-element-0d69b47 e-con-full elementor-hidden-tablet elementor-hidden-mobile e-flex e-con e-child\" data-id=\"0d69b47\" data-element_type=\"container\" data-e-type=\"container\" data-settings=\"{&quot;background_background&quot;:&quot;classic&quot;}\">\n\t\t\t\t<\/div>\n\t\t\t\t<\/div>\n\t\t<div class=\"elementor-element elementor-element-182dbbe e-grid e-con-full e-con e-child\" data-id=\"182dbbe\" data-element_type=\"container\" data-e-type=\"container\" data-settings=\"{&quot;background_background&quot;:&quot;classic&quot;}\">\n\t\t<div class=\"elementor-element elementor-element-89812d3 e-con-full mx-width-2 e-flex e-con e-child\" data-id=\"89812d3\" data-element_type=\"container\" data-e-type=\"container\">\n\t\t\t\t<div class=\"elementor-element elementor-element-7df559d elementor-widget elementor-widget-heading\" data-id=\"7df559d\" data-element_type=\"widget\" data-e-type=\"widget\" data-widget_type=\"heading.default\">\n\t\t\t\t\t<h2 class=\"elementor-heading-title elementor-size-default\">Areas of work<\/h2>\t\t\t\t<\/div>\n\t\t\t\t<div class=\"elementor-element elementor-element-7bc7bb1 elementor-widget elementor-widget-text-editor\" data-id=\"7bc7bb1\" data-element_type=\"widget\" data-e-type=\"widget\" data-widget_type=\"text-editor.default\">\n\t\t\t\t\t\t\t\t\tThe largest volunteer project was carried out in 1928 in Liechtenstein with more than 700 volunteers from 28 countries, clearing the Rhine Valley plain after a heavy flood in 1927.\t\t\t\t\t\t\t\t<\/div>\n\t\t\t\t<div class=\"elementor-element elementor-element-4c5fd49 elementor-widget elementor-widget-text-editor\" data-id=\"4c5fd49\" data-element_type=\"widget\" data-e-type=\"widget\" data-widget_type=\"text-editor.default\">\n\t\t\t\t\t\t\t\t\tWhile volunteer projects during SCI's first decade were mainly concerned with relief efforts for regions affected by natural disasters, <b>from 1931 onwards volunteer projects were also carried out in other areas of social commitment<\/b>, such as community projects (Wales) and development aid (India).\t\t\t\t\t\t\t\t<\/div>\n\t\t\t\t<\/div>\n\t\t\t\t<div class=\"elementor-element elementor-element-8153db6 mx-width-2 elementor-widget elementor-widget-video\" data-id=\"8153db6\" data-element_type=\"widget\" data-e-type=\"widget\" data-settings=\"{&quot;youtube_url&quot;:&quot;https:\\\/\\\/www.youtube.com\\\/watch?v=iOOfla2mWng&quot;,&quot;video_type&quot;:&quot;youtube&quot;,&quot;controls&quot;:&quot;yes&quot;}\" data-widget_type=\"video.default\">\n\t\t\t\t\t\t\t<div class=\"elementor-wrapper elementor-open-inline\">\n\t\t\t<div class=\"elementor-video\"><\/div>\t\t<\/div>\n\t\t\t\t\t\t<\/div>\n\t\t\t\t<\/div>\n\t\t<div class=\"elementor-element elementor-element-072a5f9 e-grid e-con-full e-con e-child\" data-id=\"072a5f9\" data-element_type=\"container\" data-e-type=\"container\">\n\t\t<div class=\"elementor-element elementor-element-fa3fa4f e-con-full elementor-hidden-tablet elementor-hidden-mobile e-flex e-con e-child\" data-id=\"fa3fa4f\" data-element_type=\"container\" data-e-type=\"container\" data-settings=\"{&quot;background_background&quot;:&quot;classic&quot;}\">\n\t\t\t\t<\/div>\n\t\t<div class=\"elementor-element elementor-element-b4e1929 e-con-full mx-width-2 e-flex e-con e-child\" data-id=\"b4e1929\" data-element_type=\"container\" data-e-type=\"container\">\n\t\t\t\t<div class=\"elementor-element elementor-element-e2441d5 elementor-widget elementor-widget-heading\" data-id=\"e2441d5\" data-element_type=\"widget\" data-e-type=\"widget\" data-widget_type=\"heading.default\">\n\t\t\t\t\t<h2 class=\"elementor-heading-title elementor-size-default\">SCI today\n<\/h2>\t\t\t\t<\/div>\n\t\t\t\t<div class=\"elementor-element elementor-element-5d17941 elementor-widget elementor-widget-text-editor\" data-id=\"5d17941\" data-element_type=\"widget\" data-e-type=\"widget\" data-widget_type=\"text-editor.default\">\n\t\t\t\t\t\t\t\t\tToday, SCI consists of <b>40 members<\/b> (sections\/groups) and more than <b>90 partner organisations<\/b> on all continents. Short-term and long-term volunteer projects are implemented worldwide and the application processes have been modernised.\t\t\t\t\t\t\t\t<\/div>\n\t\t\t\t<div class=\"elementor-element elementor-element-fa4be48 elementor-widget elementor-widget-video\" data-id=\"fa4be48\" data-element_type=\"widget\" data-e-type=\"widget\" data-settings=\"{&quot;youtube_url&quot;:&quot;https:\\\/\\\/www.youtube.com\\\/watch?v=X8frIb1_OVk&amp;list=PLkHF8f4g4CtO07lsNiybVzplYfoulQH-J&quot;,&quot;video_type&quot;:&quot;youtube&quot;,&quot;controls&quot;:&quot;yes&quot;}\" data-widget_type=\"video.default\">\n\t\t\t\t\t\t\t<div class=\"elementor-wrapper elementor-open-inline\">\n\t\t\t<div class=\"elementor-video\"><\/div>\t\t<\/div>\n\t\t\t\t\t\t<\/div>\n\t\t\t\t<\/div>\n\t\t\t\t<\/div>\n\t\t\t\t<\/div>\n\t\t\t\t<\/div>","protected":false},"excerpt":{"rendered":"<p>Ursprunget till SCI SCI grundades av Pierre C\u00e9r\u00e9sole, en schweizisk ingenj\u00f6r, som etablerade en freds- och humanit\u00e4rr\u00f6relse efter f\u00f6rsta v\u00e4rldskriget \u00e5r 1920 och d\u00e4rmed lade grunden f\u00f6r SCI. C\u00e9r\u00e9sole organiserade det f\u00f6rsta internationella arbetsl\u00e4gret p\u00e5 det tidigare slagf\u00e4ltet Verdun i Frankrike \u00e5r 1920 f\u00f6r att \u00e5teruppbygga den krigsskadade byn Esnes-en-Argonne.https:\/\/www.youtube.com\/watch?v=2vg1q07FYzQ Arbetsomr\u00e5den Det st\u00f6rsta volont\u00e4rprojektet genomf\u00f6rdes [&hellip;]<\/p>\n","protected":false},"author":6,"featured_media":0,"parent":31,"menu_order":0,"comment_status":"closed","ping_status":"closed","template":"elementor_header_footer","meta":{"_acf_changed":false,"footnotes":""},"class_list":["post-2454","page","type-page","status-publish","hentry"],"acf":[],"aioseo_notices":[],"_links":{"self":[{"href":"https:\/\/ial.se\/en\/wp-json\/wp\/v2\/pages\/2454","targetHints":{"allow":["GET"]}}],"collection":[{"href":"https:\/\/ial.se\/en\/wp-json\/wp\/v2\/pages"}],"about":[{"href":"https:\/\/ial.se\/en\/wp-json\/wp\/v2\/types\/page"}],"author":[{"embeddable":true,"href":"https:\/\/ial.se\/en\/wp-json\/wp\/v2\/users\/6"}],"replies":[{"embeddable":true,"href":"https:\/\/ial.se\/en\/wp-json\/wp\/v2\/comments?post=2454"}],"version-history":[{"count":0,"href":"https:\/\/ial.se\/en\/wp-json\/wp\/v2\/pages\/2454\/revisions"}],"up":[{"embeddable":true,"href":"https:\/\/ial.se\/en\/wp-json\/wp\/v2\/pages\/31"}],"wp:attachment":[{"href":"https:\/\/ial.se\/en\/wp-json\/wp\/v2\/media?parent=2454"}],"curies":[{"name":"wp","href":"https:\/\/api.w.org\/{rel}","templated":true}]}}