{"id":257,"date":"2023-10-30T16:17:30","date_gmt":"2023-10-30T16:17:30","guid":{"rendered":"https:\/\/ial.se\/?page_id=257"},"modified":"2025-11-09T13:29:10","modified_gmt":"2025-11-09T12:29:10","slug":"kontakt","status":"publish","type":"page","link":"https:\/\/ial.se\/en\/kontakt\/","title":{"rendered":"Contact"},"content":{"rendered":"<div data-elementor-type=\"wp-page\" data-elementor-id=\"257\" class=\"elementor elementor-257\">\n\t\t\t\t<div class=\"elementor-element elementor-element-9e383cf e-con-full e-flex e-con e-parent\" data-id=\"9e383cf\" data-element_type=\"container\" data-e-type=\"container\">\n\t\t<div class=\"elementor-element elementor-element-b009eeb e-grid e-con-full e-con e-child\" data-id=\"b009eeb\" data-element_type=\"container\" data-e-type=\"container\">\n\t\t<div class=\"elementor-element elementor-element-52f1761 e-con-full mx-width-2 e-flex e-con e-child\" data-id=\"52f1761\" data-element_type=\"container\" data-e-type=\"container\">\n\t\t\t\t<div class=\"elementor-element elementor-element-2659073 elementor-widget elementor-widget-heading\" data-id=\"2659073\" data-element_type=\"widget\" data-e-type=\"widget\" data-widget_type=\"heading.default\">\n\t\t\t\t\t<h2 class=\"elementor-heading-title elementor-size-default\">Contact<\/h2>\t\t\t\t<\/div>\n\t\t\t\t<div class=\"elementor-element elementor-element-f1182f0 elementor-widget elementor-widget-text-editor\" data-id=\"f1182f0\" data-element_type=\"widget\" data-e-type=\"widget\" data-widget_type=\"text-editor.default\">\n\t\t\t\t\t\t\t\t\tDo you have questions, want to know more about how to go to a workcamp or want to become a member? You can reach us by email: <a href=\"mailto:info@ial.se\" target=\"_blank\" rel=\"noopener\">info@ial.se<\/a>.\t\t\t\t\t\t\t\t<\/div>\n\t\t\t\t<div class=\"elementor-element elementor-element-f139564 elementor-widget elementor-widget-text-editor\" data-id=\"f139564\" data-element_type=\"widget\" data-e-type=\"widget\" data-widget_type=\"text-editor.default\">\n\t\t\t\t\t\t\t\t\tWould you like to become an IAL member? The membership fee is <b>150 SEK\/calendar year<\/b> for an adult member, or <b>200 SEK\/calendar year<\/b> for a family registered at the same address. The membership fee is paid to bank account <b>5283-0643<\/b>. Please mark the payment with your name and email address. Additional information can be emailed to <a href=\"mailto:info@ial.se\" target=\"_blank\" rel=\"noopener\">info@ial.se<\/a>.\t\t\t\t\t\t\t\t<\/div>\n\t\t\t\t<div class=\"elementor-element elementor-element-74d9b8e elementor-widget elementor-widget-text-editor\" data-id=\"74d9b8e\" data-element_type=\"widget\" data-e-type=\"widget\" data-widget_type=\"text-editor.default\">\n\t\t\t\t\t\t\t\t\tDo you have a project where it would be suitable to organise a workcamp through us next summer? If so\u2014contact us!\t\t\t\t\t\t\t\t<\/div>\n\t\t\t\t<\/div>\n\t\t<div class=\"elementor-element elementor-element-edec338 e-con-full e-flex e-con e-child\" data-id=\"edec338\" data-element_type=\"container\" data-e-type=\"container\" data-settings=\"{&quot;background_background&quot;:&quot;classic&quot;}\">\n\t\t\t\t<\/div>\n\t\t\t\t<\/div>\n\t\t\t\t<\/div>\n\t\t\t\t<\/div>","protected":false},"excerpt":{"rendered":"<p>Kontakt Har du fr\u00e5gor, vill veta mer om hur man \u00e5ker p\u00e5 l\u00e4ger eller vill bli medlem? Du n\u00e5r oss p\u00e5 mail: info@ial.se.Vill du bli medlem i f\u00f6reningen? Medlemsavgiften \u00e4r 150 kr\/kalender\u00e5r f\u00f6r vuxen medlem, alternativt 200 kr\/kalender\u00e5r f\u00f6r familj skriven p\u00e5 samma adress. Medlemsavgiften betalas till bankgirokonto 5283-0643. M\u00e4rk betalningen med namn och mailadress. [&hellip;]<\/p>\n","protected":false},"author":6,"featured_media":0,"parent":0,"menu_order":0,"comment_status":"closed","ping_status":"closed","template":"elementor_header_footer","meta":{"_acf_changed":false,"footnotes":""},"class_list":["post-257","page","type-page","status-publish","hentry"],"acf":[],"aioseo_notices":[],"_links":{"self":[{"href":"https:\/\/ial.se\/en\/wp-json\/wp\/v2\/pages\/257","targetHints":{"allow":["GET"]}}],"collection":[{"href":"https:\/\/ial.se\/en\/wp-json\/wp\/v2\/pages"}],"about":[{"href":"https:\/\/ial.se\/en\/wp-json\/wp\/v2\/types\/page"}],"author":[{"embeddable":true,"href":"https:\/\/ial.se\/en\/wp-json\/wp\/v2\/users\/6"}],"replies":[{"embeddable":true,"href":"https:\/\/ial.se\/en\/wp-json\/wp\/v2\/comments?post=257"}],"version-history":[{"count":0,"href":"https:\/\/ial.se\/en\/wp-json\/wp\/v2\/pages\/257\/revisions"}],"wp:attachment":[{"href":"https:\/\/ial.se\/en\/wp-json\/wp\/v2\/media?parent=257"}],"curies":[{"name":"wp","href":"https:\/\/api.w.org\/{rel}","templated":true}]}}