{"id":2658,"date":"2026-01-21T16:53:42","date_gmt":"2026-01-21T15:53:42","guid":{"rendered":"https:\/\/ial.se\/?page_id=2658"},"modified":"2026-01-21T17:10:49","modified_gmt":"2026-01-21T16:10:49","slug":"arskronikor","status":"publish","type":"page","link":"https:\/\/ial.se\/en\/arskronikor\/","title":{"rendered":"Annual reports"},"content":{"rendered":"<div data-elementor-type=\"wp-page\" data-elementor-id=\"2658\" class=\"elementor elementor-2658\">\n\t\t\t\t<div class=\"elementor-element elementor-element-60d935f e-con-full e-flex e-con e-parent\" data-id=\"60d935f\" data-element_type=\"container\" data-e-type=\"container\">\n\t\t<div class=\"elementor-element elementor-element-d26316b e-grid e-con-full e-con e-child\" data-id=\"d26316b\" data-element_type=\"container\" data-e-type=\"container\">\n\t\t<div class=\"elementor-element elementor-element-fcfabb8 e-con-full e-flex e-con e-child\" data-id=\"fcfabb8\" data-element_type=\"container\" data-e-type=\"container\" data-settings=\"{&quot;background_background&quot;:&quot;classic&quot;}\">\n\t\t\t\t<\/div>\n\t\t<div class=\"elementor-element elementor-element-e891d52 e-con-full mx-width-2 e-flex e-con e-child\" data-id=\"e891d52\" data-element_type=\"container\" data-e-type=\"container\">\n\t\t\t\t<div class=\"elementor-element elementor-element-357a61c elementor-widget elementor-widget-heading\" data-id=\"357a61c\" data-element_type=\"widget\" data-e-type=\"widget\" data-widget_type=\"heading.default\">\n\t\t\t\t\t<h2 class=\"elementor-heading-title elementor-size-default\">Annual reports<\/h2>\t\t\t\t<\/div>\n\t\t\t\t<div class=\"elementor-element elementor-element-15f1c31 elementor-widget elementor-widget-text-editor\" data-id=\"15f1c31\" data-element_type=\"widget\" data-e-type=\"widget\" data-widget_type=\"text-editor.default\">\n\t\t\t\t\t\t\t\t\tIAL participates in many different activities every year. Sometimes it can be difficult to keep track of everything that has happened during the year. That is why at the beginning of each year we publish an annual report where we describe <b>our activities and the highlights of the year<\/b>.\t\t\t\t\t\t\t\t<\/div>\n\t\t\t\t<div class=\"elementor-element elementor-element-3086fa9 elementor-widget elementor-widget-text-editor\" data-id=\"3086fa9\" data-element_type=\"widget\" data-e-type=\"widget\" data-widget_type=\"text-editor.default\">\n\t\t\t\t\t\t\t\t\t<ul><li><a href=\"https:\/\/ial.se\/en\/2026\/01\/21\/arskronika-2025-for-ial\/\" target=\"_blank\" rel=\"noopener\">Annual Report 2025<\/a><\/li><\/ul>\t\t\t\t\t\t\t\t<\/div>\n\t\t\t\t<\/div>\n\t\t\t\t<\/div>\n\t\t\t\t<\/div>\n\t\t\t\t<\/div>","protected":false},"excerpt":{"rendered":"<p>\u00c5rskr\u00f6nikor IAL deltar i m\u00e5nga olika aktiviteter varje \u00e5r. Ibland kan det vara sv\u00e5rt att h\u00e5lla koll p\u00e5 allt som har h\u00e4nt under \u00e5ret. D\u00e4rf\u00f6r publicerar vi i b\u00f6rjan av varje \u00e5r en \u00e5rskr\u00f6nika d\u00e4r vi beskriver v\u00e5ra aktiviteter och \u00e5rets h\u00f6jdpunkter. \u00c5rskr\u00f6nika 2025<\/p>","protected":false},"author":6,"featured_media":0,"parent":0,"menu_order":0,"comment_status":"closed","ping_status":"closed","template":"elementor_header_footer","meta":{"_acf_changed":false,"footnotes":""},"class_list":["post-2658","page","type-page","status-publish","hentry"],"acf":[],"aioseo_notices":[],"_links":{"self":[{"href":"https:\/\/ial.se\/en\/wp-json\/wp\/v2\/pages\/2658","targetHints":{"allow":["GET"]}}],"collection":[{"href":"https:\/\/ial.se\/en\/wp-json\/wp\/v2\/pages"}],"about":[{"href":"https:\/\/ial.se\/en\/wp-json\/wp\/v2\/types\/page"}],"author":[{"embeddable":true,"href":"https:\/\/ial.se\/en\/wp-json\/wp\/v2\/users\/6"}],"replies":[{"embeddable":true,"href":"https:\/\/ial.se\/en\/wp-json\/wp\/v2\/comments?post=2658"}],"version-history":[{"count":13,"href":"https:\/\/ial.se\/en\/wp-json\/wp\/v2\/pages\/2658\/revisions"}],"predecessor-version":[{"id":2675,"href":"https:\/\/ial.se\/en\/wp-json\/wp\/v2\/pages\/2658\/revisions\/2675"}],"wp:attachment":[{"href":"https:\/\/ial.se\/en\/wp-json\/wp\/v2\/media?parent=2658"}],"curies":[{"name":"wp","href":"https:\/\/api.w.org\/{rel}","templated":true}]}}