{"id":2698,"date":"2026-03-21T01:04:30","date_gmt":"2026-03-21T00:04:30","guid":{"rendered":"https:\/\/ial.se\/?page_id=2698"},"modified":"2026-03-21T01:19:22","modified_gmt":"2026-03-21T00:19:22","slug":"stadgar","status":"publish","type":"page","link":"https:\/\/ial.se\/en\/stadgar\/","title":{"rendered":"Statutes"},"content":{"rendered":"<div data-elementor-type=\"wp-page\" data-elementor-id=\"2698\" class=\"elementor elementor-2698\">\n\t\t\t\t<div class=\"elementor-element elementor-element-cd40a4f e-con-full e-flex e-con e-parent\" data-id=\"cd40a4f\" data-element_type=\"container\" data-e-type=\"container\">\n\t\t<div class=\"elementor-element elementor-element-2f4af92 e-con-full mx-width e-flex e-con e-child\" data-id=\"2f4af92\" data-element_type=\"container\" data-e-type=\"container\">\n\t\t<div class=\"elementor-element elementor-element-2ca4232 e-con-full e-flex e-con e-child\" data-id=\"2ca4232\" data-element_type=\"container\" data-e-type=\"container\">\n\t\t\t\t<div class=\"elementor-element elementor-element-8cc6249 elementor-widget elementor-widget-heading\" data-id=\"8cc6249\" data-element_type=\"widget\" data-e-type=\"widget\" data-widget_type=\"heading.default\">\n\t\t\t\t\t<h2 class=\"elementor-heading-title elementor-size-default\">Statutes Internationella Arbetslag \u2013 SCI Sweden<\/h2>\t\t\t\t<\/div>\n\t\t\t\t<div class=\"elementor-element elementor-element-2e7c799 elementor-widget elementor-widget-text-editor\" data-id=\"2e7c799\" data-element_type=\"widget\" data-e-type=\"widget\" data-widget_type=\"text-editor.default\">\n\t\t\t\t\t\t\t\t\tAdopted at the annual meeting 2023-10-08.\t\t\t\t\t\t\t\t<\/div>\n\t\t\t\t<\/div>\n\t\t<div class=\"elementor-element elementor-element-52ad5d6 e-con-full e-flex e-con e-child\" data-id=\"52ad5d6\" data-element_type=\"container\" data-e-type=\"container\">\n\t\t\t\t<div class=\"elementor-element elementor-element-7c2213c elementor-widget elementor-widget-heading\" data-id=\"7c2213c\" data-element_type=\"widget\" data-e-type=\"widget\" data-widget_type=\"heading.default\">\n\t\t\t\t\t<h2 class=\"elementor-heading-title elementor-size-default\">\u00a7 1 Name<\/h2>\t\t\t\t<\/div>\n\t\t\t\t<div class=\"elementor-element elementor-element-43b36de elementor-widget elementor-widget-text-editor\" data-id=\"43b36de\" data-element_type=\"widget\" data-e-type=\"widget\" data-widget_type=\"text-editor.default\">\n\t\t\t\t\t\t\t\t\t1.1 The name of the association is Internationella Arbetslag \u2013 SCI Sweden abbreviated as IAL. IAL is the Swedish branch of Service Civil International (SCI).\t\t\t\t\t\t\t\t<\/div>\n\t\t\t\t<\/div>\n\t\t<div class=\"elementor-element elementor-element-ed3d747 e-con-full e-flex e-con e-child\" data-id=\"ed3d747\" data-element_type=\"container\" data-e-type=\"container\">\n\t\t\t\t<div class=\"elementor-element elementor-element-289e20a elementor-widget elementor-widget-heading\" data-id=\"289e20a\" data-element_type=\"widget\" data-e-type=\"widget\" data-widget_type=\"heading.default\">\n\t\t\t\t\t<h2 class=\"elementor-heading-title elementor-size-default\">\u00a7 2 Objective<\/h2>\t\t\t\t<\/div>\n\t\t\t\t<div class=\"elementor-element elementor-element-24820e1 elementor-widget elementor-widget-text-editor\" data-id=\"24820e1\" data-element_type=\"widget\" data-e-type=\"widget\" data-widget_type=\"text-editor.default\">\n\t\t\t\t\t\t\t\t\t2.1 IAL is a religiously and politically independent organisation that works for a peaceful world. IAL believes that a peaceful world is characterised by: conflicts being resolved in ways other than violence; all resources being distributed fairly; the development of society being permeated by the realisation of the equal value and rights of all people, as well as the realisation that humans are dependent on the global ecological context in which they are part. IAL believes that all people have the ability to live together in mutual respect and without resorting to any form of violence to resolve conflicts and that a peaceful world is therefore possible. IAL believes that a peaceful world is only possible if the thoughts and actions of individual people are characterised by respect and compassion. IAL believes that this is tantamount to a mutual understanding between people with different cultural, religious, social and political backgrounds and otherwise different conditions, as well as an understanding of man's place in\u2014and dependence on\u2014nature and ecosystems. It is therefore IAL's goal to develop such an understanding. IAL believes that such understanding is best developed by people meeting across all forms of borders, and gaining personal experience of working, learning and living together. It is therefore IAL's main approach to arranging international volunteer camps in Sweden and to placing participants in international volunteer camps in other countries, as well as to promoting joint volunteer work in general.\t\t\t\t\t\t\t\t<\/div>\n\t\t\t\t<\/div>\n\t\t<div class=\"elementor-element elementor-element-2b31d53 e-con-full e-flex e-con e-child\" data-id=\"2b31d53\" data-element_type=\"container\" data-e-type=\"container\">\n\t\t\t\t<div class=\"elementor-element elementor-element-3993a7f elementor-widget elementor-widget-heading\" data-id=\"3993a7f\" data-element_type=\"widget\" data-e-type=\"widget\" data-widget_type=\"heading.default\">\n\t\t\t\t\t<h2 class=\"elementor-heading-title elementor-size-default\">\u00a7 3 Membership<\/h2>\t\t\t\t<\/div>\n\t\t\t\t<div class=\"elementor-element elementor-element-8cf93cf elementor-widget elementor-widget-text-editor\" data-id=\"8cf93cf\" data-element_type=\"widget\" data-e-type=\"widget\" data-widget_type=\"text-editor.default\">\n\t\t\t\t\t\t\t\t\t3.1 Anyone who has paid the membership fee is a member for the current calendar year and up to and including the next regular annual meeting. Only members are entitled to vote at the annual meeting. If deemed necessary, the question of membership for an individual member may be considered by the board.\t\t\t\t\t\t\t\t<\/div>\n\t\t\t\t<\/div>\n\t\t<div class=\"elementor-element elementor-element-b2b1f00 e-con-full e-flex e-con e-child\" data-id=\"b2b1f00\" data-element_type=\"container\" data-e-type=\"container\">\n\t\t\t\t<div class=\"elementor-element elementor-element-6fc0ffc elementor-widget elementor-widget-heading\" data-id=\"6fc0ffc\" data-element_type=\"widget\" data-e-type=\"widget\" data-widget_type=\"heading.default\">\n\t\t\t\t\t<h2 class=\"elementor-heading-title elementor-size-default\">\u00a7 4 IAL's Decision-Making Methods<\/h2>\t\t\t\t<\/div>\n\t\t\t\t<div class=\"elementor-element elementor-element-8230221 elementor-widget elementor-widget-heading\" data-id=\"8230221\" data-element_type=\"widget\" data-e-type=\"widget\" data-widget_type=\"heading.default\">\n\t\t\t\t\t<h3 class=\"elementor-heading-title elementor-size-default\">4.1 Annual Meeting<\/h3>\t\t\t\t<\/div>\n\t\t\t\t<div class=\"elementor-element elementor-element-4e73873 elementor-widget elementor-widget-text-editor\" data-id=\"4e73873\" data-element_type=\"widget\" data-e-type=\"widget\" data-widget_type=\"text-editor.default\">\n\t\t\t\t\t\t\t\t\t4.1.1 The annual meeting is the highest decision-making body and takes place every year, no later than April 30. The following matters shall be dealt with at the annual meeting:\n<ul>\n \t<li>Establishment of the electoral roll,<\/li>\n \t<li>Election of meeting chairman, meeting secretary and adjuster as well as vote teller,<\/li>\n \t<li>Question about the proper announcement of the meeting,<\/li>\n \t<li>Approval of agenda,<\/li>\n \t<li>Annual report and profit and loss account and balance sheet for the previous calendar year,<\/li>\n \t<li>Audit report for the previous calendar year,<\/li>\n \t<li>The issue of discharge from liability for the board of directors for the previous calendar year,<\/li>\n \t<li>Budget and business plan for the current calendar year,<\/li>\n \t<li>Consideration of motions,<\/li>\n \t<li>Election of board members,<\/li>\n \t<li>Choice of signatory,<\/li>\n \t<li>Election of auditor and deputy auditor,<\/li>\n \t<li>Election of the Nomination Committee.<\/li>\n<\/ul>\t\t\t\t\t\t\t\t<\/div>\n\t\t\t\t<div class=\"elementor-element elementor-element-25169e1 elementor-widget elementor-widget-text-editor\" data-id=\"25169e1\" data-element_type=\"widget\" data-e-type=\"widget\" data-widget_type=\"text-editor.default\">\n\t\t\t\t\t\t\t\t\t4.1.2 An extra annual meeting shall be held when the board so decides or at the written request of at least 20% of the members or at least 10 persons. An extra annual meeting shall be held within two months of the date on which the request is received.\t\t\t\t\t\t\t\t<\/div>\n\t\t\t\t<div class=\"elementor-element elementor-element-259d852 elementor-widget elementor-widget-text-editor\" data-id=\"259d852\" data-element_type=\"widget\" data-e-type=\"widget\" data-widget_type=\"text-editor.default\">\n\t\t\t\t\t\t\t\t\t4.1.3 Notice of the ordinary annual meeting shall be issued by the board at least one month in advance and of the extra annual meeting as far in advance as circumstances permit. The notice shall include the agenda and information on how members can access any budget proposals, nominations to the board and motions in good time before the annual meeting.\t\t\t\t\t\t\t\t<\/div>\n\t\t\t\t<div class=\"elementor-element elementor-element-791980c elementor-widget elementor-widget-text-editor\" data-id=\"791980c\" data-element_type=\"widget\" data-e-type=\"widget\" data-widget_type=\"text-editor.default\">\n\t\t\t\t\t\t\t\t\t4.1.4 The deadline for submitting motions for upcoming regular annual meetings is two weeks before the current annual meeting. New questions may be raised at the current annual meeting if the meeting is unanimous. At an extra annual meeting, only those matters may be discussed that are included in the notice.\t\t\t\t\t\t\t\t<\/div>\n\t\t\t\t<div class=\"elementor-element elementor-element-34d08aa elementor-widget elementor-widget-text-editor\" data-id=\"34d08aa\" data-element_type=\"widget\" data-e-type=\"widget\" data-widget_type=\"text-editor.default\">\n\t\t\t\t\t\t\t\t\t4.1.5 Each member has one vote at the annual meeting. A member may exercise voting rights by proxy for a maximum of two other members.\t\t\t\t\t\t\t\t<\/div>\n\t\t\t\t<div class=\"elementor-element elementor-element-d55a13f elementor-widget elementor-widget-heading\" data-id=\"d55a13f\" data-element_type=\"widget\" data-e-type=\"widget\" data-widget_type=\"heading.default\">\n\t\t\t\t\t<h3 class=\"elementor-heading-title elementor-size-default\">4.2 Board of Directors<\/h3>\t\t\t\t<\/div>\n\t\t\t\t<div class=\"elementor-element elementor-element-0d601c5 elementor-widget elementor-widget-text-editor\" data-id=\"0d601c5\" data-element_type=\"widget\" data-e-type=\"widget\" data-widget_type=\"text-editor.default\">\n\t\t\t\t\t\t\t\t\t4.2.1 The annual meeting elects a board of directors consisting of 5\u20139 members and appoints IAL's chairman and treasurer from among them. A member of the board must be a member of IAL. The board implements the decisions of the annual meeting and is responsible for the ongoing operations between annual meetings. The board has a quorum when at least 40% of the members are present. A board member may, if there are reasons, request to resign from the board during the year. If this should happen, the person renounces their voting rights and no longer affects the board's decision-making. Elections for replacements can take place at an ordinary or extra annual meeting. Paid staff are hired by and report to the board.\t\t\t\t\t\t\t\t<\/div>\n\t\t\t\t<div class=\"elementor-element elementor-element-14cd456 elementor-widget elementor-widget-heading\" data-id=\"14cd456\" data-element_type=\"widget\" data-e-type=\"widget\" data-widget_type=\"heading.default\">\n\t\t\t\t\t<h3 class=\"elementor-heading-title elementor-size-default\">4.3 Management Group<\/h3>\t\t\t\t<\/div>\n\t\t\t\t<div class=\"elementor-element elementor-element-4553b39 elementor-widget elementor-widget-text-editor\" data-id=\"4553b39\" data-element_type=\"widget\" data-e-type=\"widget\" data-widget_type=\"text-editor.default\">\n\t\t\t\t\t\t\t\t\t4.3.1 The board may, from within itself, appoint a management group that may make decisions on behalf of the board between board meetings. The management group's decisions shall be ratified at the next following board meeting.\t\t\t\t\t\t\t\t<\/div>\n\t\t\t\t<\/div>\n\t\t<div class=\"elementor-element elementor-element-d5bed34 e-con-full e-flex e-con e-child\" data-id=\"d5bed34\" data-element_type=\"container\" data-e-type=\"container\">\n\t\t\t\t<div class=\"elementor-element elementor-element-cce4688 elementor-widget elementor-widget-heading\" data-id=\"cce4688\" data-element_type=\"widget\" data-e-type=\"widget\" data-widget_type=\"heading.default\">\n\t\t\t\t\t<h2 class=\"elementor-heading-title elementor-size-default\">\u00a7 5 Local and Project Groups<\/h2>\t\t\t\t<\/div>\n\t\t\t\t<div class=\"elementor-element elementor-element-8ea4a10 elementor-widget elementor-widget-text-editor\" data-id=\"8ea4a10\" data-element_type=\"widget\" data-e-type=\"widget\" data-widget_type=\"text-editor.default\">\n\t\t\t\t\t\t\t\t\t5.1 The purpose of the local and project groups is to work for IAL's objectives at a local level or based on specific themes. They are responsible for their own finances and must report to the annual meeting. There must be regular contact between the groups and the board. If a group is dissolved, its assets and documents go to IAL centrally.\t\t\t\t\t\t\t\t<\/div>\n\t\t\t\t<\/div>\n\t\t<div class=\"elementor-element elementor-element-f9aac7c e-con-full e-flex e-con e-child\" data-id=\"f9aac7c\" data-element_type=\"container\" data-e-type=\"container\">\n\t\t\t\t<div class=\"elementor-element elementor-element-99c7f26 elementor-widget elementor-widget-heading\" data-id=\"99c7f26\" data-element_type=\"widget\" data-e-type=\"widget\" data-widget_type=\"heading.default\">\n\t\t\t\t\t<h2 class=\"elementor-heading-title elementor-size-default\">\u00a7 6 Voting<\/h2>\t\t\t\t<\/div>\n\t\t\t\t<div class=\"elementor-element elementor-element-dfed338 elementor-widget elementor-widget-text-editor\" data-id=\"dfed338\" data-element_type=\"widget\" data-e-type=\"widget\" data-widget_type=\"text-editor.default\">\n\t\t\t\t\t\t\t\t\t6.1 All voting at the annual meeting and board meetings shall be open. However, elections shall, when requested by any of those present, be conducted by closed ballot. In the event of a tie, the casting of lots shall decide the election, and in other cases the chairman shall decide. At the annual meeting, board members shall not have the right to vote regarding the discharge of the board from liability and the election of auditors.\t\t\t\t\t\t\t\t<\/div>\n\t\t\t\t<\/div>\n\t\t<div class=\"elementor-element elementor-element-dc9bb4d e-con-full e-flex e-con e-child\" data-id=\"dc9bb4d\" data-element_type=\"container\" data-e-type=\"container\">\n\t\t\t\t<div class=\"elementor-element elementor-element-a3ca303 elementor-widget elementor-widget-heading\" data-id=\"a3ca303\" data-element_type=\"widget\" data-e-type=\"widget\" data-widget_type=\"heading.default\">\n\t\t\t\t\t<h2 class=\"elementor-heading-title elementor-size-default\">\u00a7 7 Finance and Auditing<\/h2>\t\t\t\t<\/div>\n\t\t\t\t<div class=\"elementor-element elementor-element-54cc176 elementor-widget elementor-widget-text-editor\" data-id=\"54cc176\" data-element_type=\"widget\" data-e-type=\"widget\" data-widget_type=\"text-editor.default\">\n\t\t\t\t\t\t\t\t\t7.1 IAL's income consists of membership and camp fees, grants and donations. Auditing shall cover both accounts and administration in general. The financial year covers the period 1\/1\u201331\/12.\t\t\t\t\t\t\t\t<\/div>\n\t\t\t\t<\/div>\n\t\t<div class=\"elementor-element elementor-element-167f688 e-con-full e-flex e-con e-child\" data-id=\"167f688\" data-element_type=\"container\" data-e-type=\"container\">\n\t\t\t\t<div class=\"elementor-element elementor-element-bab7b7d elementor-widget elementor-widget-heading\" data-id=\"bab7b7d\" data-element_type=\"widget\" data-e-type=\"widget\" data-widget_type=\"heading.default\">\n\t\t\t\t\t<h2 class=\"elementor-heading-title elementor-size-default\">\u00a7 8 Termination<\/h2>\t\t\t\t<\/div>\n\t\t\t\t<div class=\"elementor-element elementor-element-420de8b elementor-widget elementor-widget-text-editor\" data-id=\"420de8b\" data-element_type=\"widget\" data-e-type=\"widget\" data-widget_type=\"text-editor.default\">\n\t\t\t\t\t\t\t\t\t8.1 IAL cannot be terminated if at least 20% of the members, or at least 10 people, wish to continue the operation. In the event of termination, the organisation's assets shall be transferred to an organisation with a similar purpose.\t\t\t\t\t\t\t\t<\/div>\n\t\t\t\t<\/div>\n\t\t<div class=\"elementor-element elementor-element-71f5613 e-con-full e-flex e-con e-child\" data-id=\"71f5613\" data-element_type=\"container\" data-e-type=\"container\">\n\t\t\t\t<div class=\"elementor-element elementor-element-d62b036 elementor-widget elementor-widget-heading\" data-id=\"d62b036\" data-element_type=\"widget\" data-e-type=\"widget\" data-widget_type=\"heading.default\">\n\t\t\t\t\t<h2 class=\"elementor-heading-title elementor-size-default\">\u00a7 9 Amendments to the Statutes<\/h2>\t\t\t\t<\/div>\n\t\t\t\t<div class=\"elementor-element elementor-element-457157b elementor-widget elementor-widget-text-editor\" data-id=\"457157b\" data-element_type=\"widget\" data-e-type=\"widget\" data-widget_type=\"text-editor.default\">\n\t\t\t\t\t\t\t\t\t9.1 These statutes may be amended at the annual general meeting after a decision is made by a two-thirds majority.\t\t\t\t\t\t\t\t<\/div>\n\t\t\t\t<\/div>\n\t\t\t\t<\/div>\n\t\t\t\t<\/div>\n\t\t\t\t<\/div>","protected":false},"excerpt":{"rendered":"<p>Stadgar Internationella Arbetslag \u2013 SCI Sweden Antagna vid \u00e5rsm\u00f6tet 2023-10-08. \u00a7 1 Namn 1.1 F\u00f6reningens namn \u00e4r Internationella Arbetslag \u2013 SCI Sweden f\u00f6rkortat IAL. IAL \u00e4r den svenska grenen av Service Civil International (SCI). \u00a7 2 M\u00e5ls\u00e4ttning 2.1 IAL \u00e4r en religi\u00f6st och partipolitiskt obunden organisation som arbetar f\u00f6r en fredlig v\u00e4rld. IAL anser att [&hellip;]<\/p>\n","protected":false},"author":6,"featured_media":0,"parent":0,"menu_order":0,"comment_status":"closed","ping_status":"closed","template":"elementor_header_footer","meta":{"_acf_changed":false,"footnotes":""},"class_list":["post-2698","page","type-page","status-publish","hentry"],"acf":[],"aioseo_notices":[],"_links":{"self":[{"href":"https:\/\/ial.se\/en\/wp-json\/wp\/v2\/pages\/2698","targetHints":{"allow":["GET"]}}],"collection":[{"href":"https:\/\/ial.se\/en\/wp-json\/wp\/v2\/pages"}],"about":[{"href":"https:\/\/ial.se\/en\/wp-json\/wp\/v2\/types\/page"}],"author":[{"embeddable":true,"href":"https:\/\/ial.se\/en\/wp-json\/wp\/v2\/users\/6"}],"replies":[{"embeddable":true,"href":"https:\/\/ial.se\/en\/wp-json\/wp\/v2\/comments?post=2698"}],"version-history":[{"count":16,"href":"https:\/\/ial.se\/en\/wp-json\/wp\/v2\/pages\/2698\/revisions"}],"predecessor-version":[{"id":2721,"href":"https:\/\/ial.se\/en\/wp-json\/wp\/v2\/pages\/2698\/revisions\/2721"}],"wp:attachment":[{"href":"https:\/\/ial.se\/en\/wp-json\/wp\/v2\/media?parent=2698"}],"curies":[{"name":"wp","href":"https:\/\/api.w.org\/{rel}","templated":true}]}}