{"id":3,"date":"2023-10-19T11:30:21","date_gmt":"2023-10-19T11:30:21","guid":{"rendered":"https:\/\/ial.se\/?page_id=3"},"modified":"2025-09-30T14:08:48","modified_gmt":"2025-09-30T12:08:48","slug":"integritetspolicy","status":"publish","type":"page","link":"https:\/\/ial.se\/en\/integritetspolicy\/","title":{"rendered":"Privacy Policy"},"content":{"rendered":"<div data-elementor-type=\"wp-page\" data-elementor-id=\"3\" class=\"elementor elementor-3\">\n\t\t\t\t<div class=\"elementor-element elementor-element-e317c9a e-con-full e-flex e-con e-parent\" data-id=\"e317c9a\" data-element_type=\"container\" data-e-type=\"container\">\n\t\t<div class=\"elementor-element elementor-element-0145b4d e-con-full mx-width e-flex e-con e-child\" data-id=\"0145b4d\" data-element_type=\"container\" data-e-type=\"container\">\n\t\t<div class=\"elementor-element elementor-element-f5530e2 e-con-full e-flex e-con e-child\" data-id=\"f5530e2\" data-element_type=\"container\" data-e-type=\"container\">\n\t\t\t\t<div class=\"elementor-element elementor-element-68d1093 elementor-widget elementor-widget-heading\" data-id=\"68d1093\" data-element_type=\"widget\" data-e-type=\"widget\" data-widget_type=\"heading.default\">\n\t\t\t\t\t<h2 class=\"elementor-heading-title elementor-size-default\">Privacy Policy<\/h2>\t\t\t\t<\/div>\n\t\t\t\t<div class=\"elementor-element elementor-element-bd1ed04 elementor-widget elementor-widget-text-editor\" data-id=\"bd1ed04\" data-element_type=\"widget\" data-e-type=\"widget\" data-widget_type=\"text-editor.default\">\n\t\t\t\t\t\t\t\t\tWe value your trust and are committed to protecting your personal information. This privacy policy explains how we collect, use and protect your information when you interact with our website (https:\/\/ial.se\/).\t\t\t\t\t\t\t\t<\/div>\n\t\t\t\t<\/div>\n\t\t<div class=\"elementor-element elementor-element-32d5fb3 e-con-full e-flex e-con e-child\" data-id=\"32d5fb3\" data-element_type=\"container\" data-e-type=\"container\">\n\t\t\t\t<div class=\"elementor-element elementor-element-916bc36 elementor-widget elementor-widget-heading\" data-id=\"916bc36\" data-element_type=\"widget\" data-e-type=\"widget\" data-widget_type=\"heading.default\">\n\t\t\t\t\t<h2 class=\"elementor-heading-title elementor-size-default\">\u00a7 1 General information<\/h2>\t\t\t\t<\/div>\n\t\t\t\t<div class=\"elementor-element elementor-element-f0113d8 elementor-widget elementor-widget-text-editor\" data-id=\"f0113d8\" data-element_type=\"widget\" data-e-type=\"widget\" data-widget_type=\"text-editor.default\">\n\t\t\t\t\t\t\t\t\t1.1 When you contact Internationella Arbetslag (IAL) via email, your personal data will be saved for the purpose of communicating with you. The personal data taken into account are: your name, email address and\/or telephone number, gender and title.\t\t\t\t\t\t\t\t<\/div>\n\t\t\t\t<div class=\"elementor-element elementor-element-8c6c9a3 elementor-widget elementor-widget-text-editor\" data-id=\"8c6c9a3\" data-element_type=\"widget\" data-e-type=\"widget\" data-widget_type=\"text-editor.default\">\n\t\t\t\t\t\t\t\t\t1.2 When you visit the website (https:\/\/ial.se\/), our analytics services collect data that your browser shares, such as IP address, which browser you are using, which country you are browsing the website from and which device you are visiting the website on. This data is used for analytics purposes only and is under no circumstances shared with third parties for marketing purposes.\t\t\t\t\t\t\t\t<\/div>\n\t\t\t\t<\/div>\n\t\t<div class=\"elementor-element elementor-element-d5d5cab e-con-full e-flex e-con e-child\" data-id=\"d5d5cab\" data-element_type=\"container\" data-e-type=\"container\">\n\t\t\t\t<div class=\"elementor-element elementor-element-a2ad27e elementor-widget elementor-widget-heading\" data-id=\"a2ad27e\" data-element_type=\"widget\" data-e-type=\"widget\" data-widget_type=\"heading.default\">\n\t\t\t\t\t<h2 class=\"elementor-heading-title elementor-size-default\">\u00a7 2 Data processing<\/h2>\t\t\t\t<\/div>\n\t\t\t\t<div class=\"elementor-element elementor-element-7110140 elementor-widget elementor-widget-text-editor\" data-id=\"7110140\" data-element_type=\"widget\" data-e-type=\"widget\" data-widget_type=\"text-editor.default\">\n\t\t\t\t\t\t\t\t\t2.1 If you have an ongoing communication with IAL or if you wish to initiate a communication with us, your details will be saved in our records.\t\t\t\t\t\t\t\t<\/div>\n\t\t\t\t<div class=\"elementor-element elementor-element-e0b12c6 elementor-widget elementor-widget-text-editor\" data-id=\"e0b12c6\" data-element_type=\"widget\" data-e-type=\"widget\" data-widget_type=\"text-editor.default\">\n\t\t\t\t\t\t\t\t\t2.2 If you contact IAL via social media, such as Instagram, Facebook or LinkedIn, you are only sharing your personal data with the social platform\u2014not directly with us. We do not process your data outside of these social media platforms, unless you have given us your explicit consent.\t\t\t\t\t\t\t\t<\/div>\n\t\t\t\t<\/div>\n\t\t<div class=\"elementor-element elementor-element-1caf2e5 e-con-full e-flex e-con e-child\" data-id=\"1caf2e5\" data-element_type=\"container\" data-e-type=\"container\">\n\t\t\t\t<div class=\"elementor-element elementor-element-938a4f8 elementor-widget elementor-widget-heading\" data-id=\"938a4f8\" data-element_type=\"widget\" data-e-type=\"widget\" data-widget_type=\"heading.default\">\n\t\t\t\t\t<h2 class=\"elementor-heading-title elementor-size-default\">\u00a7 3 Marketing<\/h2>\t\t\t\t<\/div>\n\t\t\t\t<div class=\"elementor-element elementor-element-311c7d7 elementor-widget elementor-widget-text-editor\" data-id=\"311c7d7\" data-element_type=\"widget\" data-e-type=\"widget\" data-widget_type=\"text-editor.default\">\n\t\t\t\t\t\t\t\t\t3.1 Unless we are directly asked to delete your data, we will save it for future communication. Your data will only be used for this purpose and will not be used for any other purpose.\t\t\t\t\t\t\t\t<\/div>\n\t\t\t\t<div class=\"elementor-element elementor-element-5dde31f elementor-widget elementor-widget-text-editor\" data-id=\"5dde31f\" data-element_type=\"widget\" data-e-type=\"widget\" data-widget_type=\"text-editor.default\">\n\t\t\t\t\t\t\t\t\t3.2 We will never sell your personal details to anyone, nor use them for external marketing purposes, such as newsletters or promotions. However, you may be invited to the newsletter via the email address you have shared with us. You will not receive a newsletter unless you have given us your explicit consent.\t\t\t\t\t\t\t\t<\/div>\n\t\t\t\t<\/div>\n\t\t<div class=\"elementor-element elementor-element-ead6bea e-con-full e-flex e-con e-child\" data-id=\"ead6bea\" data-element_type=\"container\" data-e-type=\"container\">\n\t\t\t\t<div class=\"elementor-element elementor-element-215936b elementor-widget elementor-widget-heading\" data-id=\"215936b\" data-element_type=\"widget\" data-e-type=\"widget\" data-widget_type=\"heading.default\">\n\t\t\t\t\t<h2 class=\"elementor-heading-title elementor-size-default\">\u00a7 4 Data protection<\/h2>\t\t\t\t<\/div>\n\t\t\t\t<div class=\"elementor-element elementor-element-b89626e elementor-widget elementor-widget-text-editor\" data-id=\"b89626e\" data-element_type=\"widget\" data-e-type=\"widget\" data-widget_type=\"text-editor.default\">\n\t\t\t\t\t\t\t\t\t4.1 Your data is strictly protected against loss, manipulation and unauthorised access. No one other than the Internationella Arbetslag (SCI Sweden) has access to your personal data. We are constantly adapting our security measures in line with technical developments to protect your data.\t\t\t\t\t\t\t\t<\/div>\n\t\t\t\t<\/div>\n\t\t<div class=\"elementor-element elementor-element-2fdebe8 e-con-full e-flex e-con e-child\" data-id=\"2fdebe8\" data-element_type=\"container\" data-e-type=\"container\">\n\t\t\t\t<div class=\"elementor-element elementor-element-f5d5c88 elementor-widget elementor-widget-heading\" data-id=\"f5d5c88\" data-element_type=\"widget\" data-e-type=\"widget\" data-widget_type=\"heading.default\">\n\t\t\t\t\t<h2 class=\"elementor-heading-title elementor-size-default\">\u00a7 5 Cookies<\/h2>\t\t\t\t<\/div>\n\t\t\t\t<div class=\"elementor-element elementor-element-34c4f5d elementor-widget elementor-widget-text-editor\" data-id=\"34c4f5d\" data-element_type=\"widget\" data-e-type=\"widget\" data-widget_type=\"text-editor.default\">\n\t\t\t\t\t\t\t\t\t5.1 A cookie is a small text file that is saved on your computer, tablet or mobile device and retrieved from there on your next visit to the IAL website. We use cookies to simplify your browsing experience. We do not use cookies to store your personal information, share it with third parties or for advertising purposes.\t\t\t\t\t\t\t\t<\/div>\n\t\t\t\t<\/div>\n\t\t<div class=\"elementor-element elementor-element-72ccf3a e-con-full e-flex e-con e-child\" data-id=\"72ccf3a\" data-element_type=\"container\" data-e-type=\"container\">\n\t\t\t\t<div class=\"elementor-element elementor-element-47a8d51 elementor-widget elementor-widget-heading\" data-id=\"47a8d51\" data-element_type=\"widget\" data-e-type=\"widget\" data-widget_type=\"heading.default\">\n\t\t\t\t\t<h2 class=\"elementor-heading-title elementor-size-default\">\u00a7 6 Google Analytics<\/h2>\t\t\t\t<\/div>\n\t\t\t\t<div class=\"elementor-element elementor-element-c7b10de elementor-widget elementor-widget-text-editor\" data-id=\"c7b10de\" data-element_type=\"widget\" data-e-type=\"widget\" data-widget_type=\"text-editor.default\">\n\t\t\t\t\t\t\t\t\t6.1 We use third-party cookies, such as Google Analytics, to collect statistics about visitors to the IAL website. The cookies in question are both permanent and temporary. These cookies are saved as files on your device for a maximum of 24 months.\t\t\t\t\t\t\t\t<\/div>\n\t\t\t\t<\/div>\n\t\t<div class=\"elementor-element elementor-element-80fcff0 e-con-full e-flex e-con e-child\" data-id=\"80fcff0\" data-element_type=\"container\" data-e-type=\"container\">\n\t\t\t\t<div class=\"elementor-element elementor-element-f3b7360 elementor-widget elementor-widget-heading\" data-id=\"f3b7360\" data-element_type=\"widget\" data-e-type=\"widget\" data-widget_type=\"heading.default\">\n\t\t\t\t\t<h2 class=\"elementor-heading-title elementor-size-default\">\u00a7 7 Wordfence<\/h2>\t\t\t\t<\/div>\n\t\t\t\t<div class=\"elementor-element elementor-element-4281ec6 elementor-widget elementor-widget-text-editor\" data-id=\"4281ec6\" data-element_type=\"widget\" data-e-type=\"widget\" data-widget_type=\"text-editor.default\">\n\t\t\t\t\t\t\t\t\t7.1 At IAL we use the software Wordfence to enhance the security of our website. Wordfence is a comprehensive security solution that protects against various online threats such as malware, hacking attempts and unauthorised access.\t\t\t\t\t\t\t\t<\/div>\n\t\t\t\t<div class=\"elementor-element elementor-element-f23c8e7 elementor-widget elementor-widget-text-editor\" data-id=\"f23c8e7\" data-element_type=\"widget\" data-e-type=\"widget\" data-widget_type=\"text-editor.default\">\n\t\t\t\t\t\t\t\t\t7.2 The data stored in Wordfence consists primarily of security-related information, including logs of login attempts, IP addresses, and other relevant security events. This data is stored securely in our database and is only accessible to us. We do not share this data with anyone, nor do we use it for marketing purposes.\t\t\t\t\t\t\t\t<\/div>\n\t\t\t\t<\/div>\n\t\t<div class=\"elementor-element elementor-element-00f6f69 e-con-full e-flex e-con e-child\" data-id=\"00f6f69\" data-element_type=\"container\" data-e-type=\"container\">\n\t\t\t\t<div class=\"elementor-element elementor-element-cec38fe elementor-widget elementor-widget-heading\" data-id=\"cec38fe\" data-element_type=\"widget\" data-e-type=\"widget\" data-widget_type=\"heading.default\">\n\t\t\t\t\t<h2 class=\"elementor-heading-title elementor-size-default\">\u00a7 8 Links<\/h2>\t\t\t\t<\/div>\n\t\t\t\t<div class=\"elementor-element elementor-element-f29a427 elementor-widget elementor-widget-text-editor\" data-id=\"f29a427\" data-element_type=\"widget\" data-e-type=\"widget\" data-widget_type=\"text-editor.default\">\n\t\t\t\t\t\t\t\t\t8.1 Our website may contain links to other websites. We have no control over these websites and are not familiar with their data protection practices. We are not responsible for the content of these websites, but we share these links to make it easier for you to find more information on a particular topic.\t\t\t\t\t\t\t\t<\/div>\n\t\t\t\t<\/div>\n\t\t<div class=\"elementor-element elementor-element-2e6cbe8 e-con-full e-flex e-con e-child\" data-id=\"2e6cbe8\" data-element_type=\"container\" data-e-type=\"container\">\n\t\t\t\t<div class=\"elementor-element elementor-element-b6f07ec elementor-widget elementor-widget-heading\" data-id=\"b6f07ec\" data-element_type=\"widget\" data-e-type=\"widget\" data-widget_type=\"heading.default\">\n\t\t\t\t\t<h2 class=\"elementor-heading-title elementor-size-default\">\u00a7 9 Contact<\/h2>\t\t\t\t<\/div>\n\t\t\t\t<div class=\"elementor-element elementor-element-7dde99c elementor-widget elementor-widget-text-editor\" data-id=\"7dde99c\" data-element_type=\"widget\" data-e-type=\"widget\" data-widget_type=\"text-editor.default\">\n\t\t\t\t\t\t\t\t\t9.1 If you would like to know more about how we process your data, or would like us to delete your personal data, please contact us at: <a href=\"mailto:info@ial.se\">info@ial.se<\/a>.\t\t\t\t\t\t\t\t<\/div>\n\t\t\t\t<div class=\"elementor-element elementor-element-ae4ac9e elementor-widget elementor-widget-text-editor\" data-id=\"ae4ac9e\" data-element_type=\"widget\" data-e-type=\"widget\" data-widget_type=\"text-editor.default\">\n\t\t\t\t\t\t\t\t\tLast reviewed on September 15, 2025.\t\t\t\t\t\t\t\t<\/div>\n\t\t\t\t<\/div>\n\t\t\t\t<\/div>\n\t\t\t\t<\/div>\n\t\t\t\t<\/div>","protected":false},"excerpt":{"rendered":"<p>Integritetspolicy Vi v\u00e4rdes\u00e4tter ditt f\u00f6rtroende och \u00e4r fast beslutna att skydda dina personuppgifter. Denna integritetspolicy f\u00f6rklarar hur vi samlar in, anv\u00e4nder och skyddar dina uppgifter n\u00e4r du interagerar med v\u00e5r webbplats (https:\/\/ial.se\/). \u00a7 1 Allm\u00e4n information 1.1 N\u00e4r du kontaktar Internationella Arbetslag (IAL) via e-post sparas dina personuppgifter i syfte att kunna kommunicera med dig. [&hellip;]<\/p>\n","protected":false},"author":6,"featured_media":0,"parent":0,"menu_order":0,"comment_status":"closed","ping_status":"closed","template":"elementor_header_footer","meta":{"_acf_changed":false,"footnotes":""},"class_list":["post-3","page","type-page","status-publish","hentry"],"acf":[],"aioseo_notices":[],"_links":{"self":[{"href":"https:\/\/ial.se\/en\/wp-json\/wp\/v2\/pages\/3","targetHints":{"allow":["GET"]}}],"collection":[{"href":"https:\/\/ial.se\/en\/wp-json\/wp\/v2\/pages"}],"about":[{"href":"https:\/\/ial.se\/en\/wp-json\/wp\/v2\/types\/page"}],"author":[{"embeddable":true,"href":"https:\/\/ial.se\/en\/wp-json\/wp\/v2\/users\/6"}],"replies":[{"embeddable":true,"href":"https:\/\/ial.se\/en\/wp-json\/wp\/v2\/comments?post=3"}],"version-history":[{"count":0,"href":"https:\/\/ial.se\/en\/wp-json\/wp\/v2\/pages\/3\/revisions"}],"wp:attachment":[{"href":"https:\/\/ial.se\/en\/wp-json\/wp\/v2\/media?parent=3"}],"curies":[{"name":"wp","href":"https:\/\/api.w.org\/{rel}","templated":true}]}}