{"id":31,"date":"2023-10-19T11:30:34","date_gmt":"2023-10-19T11:30:34","guid":{"rendered":"https:\/\/ial.se\/about\/"},"modified":"2025-11-09T13:32:15","modified_gmt":"2025-11-09T12:32:15","slug":"om-oss","status":"publish","type":"page","link":"https:\/\/ial.se\/en\/om-oss\/","title":{"rendered":"About us"},"content":{"rendered":"<div data-elementor-type=\"wp-page\" data-elementor-id=\"31\" class=\"elementor elementor-31\">\n\t\t\t\t<div class=\"elementor-element elementor-element-6e7069c e-con-full e-flex e-con e-parent\" data-id=\"6e7069c\" data-element_type=\"container\" data-e-type=\"container\">\n\t\t<div class=\"elementor-element elementor-element-13fd3fa e-grid e-con-full e-con e-child\" data-id=\"13fd3fa\" data-element_type=\"container\" data-e-type=\"container\">\n\t\t<div class=\"elementor-element elementor-element-a7da4e7 e-con-full mx-width-2 e-flex e-con e-child\" data-id=\"a7da4e7\" data-element_type=\"container\" data-e-type=\"container\">\n\t\t\t\t<div class=\"elementor-element elementor-element-fc92afa elementor-widget elementor-widget-heading\" data-id=\"fc92afa\" data-element_type=\"widget\" data-e-type=\"widget\" data-widget_type=\"heading.default\">\n\t\t\t\t\t<h2 class=\"elementor-heading-title elementor-size-default\">About us<\/h2>\t\t\t\t<\/div>\n\t\t\t\t<div class=\"elementor-element elementor-element-3b1882c elementor-widget elementor-widget-text-editor\" data-id=\"3b1882c\" data-element_type=\"widget\" data-e-type=\"widget\" data-widget_type=\"text-editor.default\">\n\t\t\t\t\t\t\t\t\tIAL is a religiously and politically independent organisation that works for a peaceful world.\t\t\t\t\t\t\t\t<\/div>\n\t\t\t\t<div class=\"elementor-element elementor-element-bd79f6f elementor-widget elementor-widget-text-editor\" data-id=\"bd79f6f\" data-element_type=\"widget\" data-e-type=\"widget\" data-widget_type=\"text-editor.default\">\n\t\t\t\t\t\t\t\t\tIAL believes that a peaceful world is characterised by: conflicts being resolved in ways other than violence; all resources being distributed fairly; the development of society is permeated by the realisation of the equal value and rights of all people, as well as the realisation that humans are dependent on the global ecological context of which they are a part.\t\t\t\t\t\t\t\t<\/div>\n\t\t\t\t<div class=\"elementor-element elementor-element-4290758 elementor-widget elementor-widget-text-editor\" data-id=\"4290758\" data-element_type=\"widget\" data-e-type=\"widget\" data-widget_type=\"text-editor.default\">\n\t\t\t\t\t\t\t\t\tIAL believes that all people have the ability to live together in mutual respect and without resorting to any form of violence to resolve conflicts and that a peaceful world is thus possible.\t\t\t\t\t\t\t\t<\/div>\n\t\t\t\t<div class=\"elementor-element elementor-element-9d2caec elementor-widget elementor-widget-text-editor\" data-id=\"9d2caec\" data-element_type=\"widget\" data-e-type=\"widget\" data-widget_type=\"text-editor.default\">\n\t\t\t\t\t\t\t\t\tIAL believes that a <b>peaceful world is only possible if the thoughts and actions of individuals are characterised by respect and compassion<\/b>. IAL believes that this is equivalent to a mutual understanding between people with different cultural, religious, social and political backgrounds and otherwise different conditions, as well as an understanding of man's place in\u2014and dependence on\u2014nature and ecosystems. It is therefore IAL's goal to work to develop such an understanding. We believe that such an understanding is best created by people meeting across all forms of borders, and gaining personal experience of working, learning and living together.\t\t\t\t\t\t\t\t<\/div>\n\t\t\t\t<div class=\"elementor-element elementor-element-9333e16 elementor-widget elementor-widget-text-editor\" data-id=\"9333e16\" data-element_type=\"widget\" data-e-type=\"widget\" data-widget_type=\"text-editor.default\">\n\t\t\t\t\t\t\t\t\tIt is therefore IAL's main approach to arranging international workcamps in Sweden and to place participants in international workcamps in other countries, as well as to promote joint volunteer work in general.\t\t\t\t\t\t\t\t<\/div>\n\t\t\t\t<\/div>\n\t\t<div class=\"elementor-element elementor-element-882bfbe e-con-full e-flex e-con e-child\" data-id=\"882bfbe\" data-element_type=\"container\" data-e-type=\"container\" data-settings=\"{&quot;background_background&quot;:&quot;classic&quot;}\">\n\t\t\t\t<\/div>\n\t\t\t\t<\/div>\n\t\t\t\t<\/div>\n\t\t\t\t<\/div>","protected":false},"excerpt":{"rendered":"<p>Om oss IAL \u00e4r en religi\u00f6st och partipolitiskt obunden organisation som arbetar f\u00f6r en fredlig v\u00e4rld.IAL anser att en fredlig v\u00e4rld k\u00e4nnetecknas av att: konflikter l\u00f6ses p\u00e5 annat s\u00e4tt \u00e4n med v\u00e5ld; alla resurser f\u00f6rdelas p\u00e5 ett r\u00e4ttvist s\u00e4tt; samh\u00e4llets utveckling genomsyras av insikten om alla m\u00e4nniskors lika v\u00e4rde och r\u00e4ttigheter, samt insikten om att [&hellip;]<\/p>\n","protected":false},"author":6,"featured_media":0,"parent":0,"menu_order":0,"comment_status":"closed","ping_status":"closed","template":"elementor_header_footer","meta":{"_acf_changed":false,"footnotes":""},"class_list":["post-31","page","type-page","status-publish","hentry"],"acf":[],"aioseo_notices":[],"_links":{"self":[{"href":"https:\/\/ial.se\/en\/wp-json\/wp\/v2\/pages\/31","targetHints":{"allow":["GET"]}}],"collection":[{"href":"https:\/\/ial.se\/en\/wp-json\/wp\/v2\/pages"}],"about":[{"href":"https:\/\/ial.se\/en\/wp-json\/wp\/v2\/types\/page"}],"author":[{"embeddable":true,"href":"https:\/\/ial.se\/en\/wp-json\/wp\/v2\/users\/6"}],"replies":[{"embeddable":true,"href":"https:\/\/ial.se\/en\/wp-json\/wp\/v2\/comments?post=31"}],"version-history":[{"count":0,"href":"https:\/\/ial.se\/en\/wp-json\/wp\/v2\/pages\/31\/revisions"}],"wp:attachment":[{"href":"https:\/\/ial.se\/en\/wp-json\/wp\/v2\/media?parent=31"}],"curies":[{"name":"wp","href":"https:\/\/api.w.org\/{rel}","templated":true}]}}