{"id":586,"date":"2024-01-27T14:52:21","date_gmt":"2024-01-27T14:52:21","guid":{"rendered":"https:\/\/ial.se\/?page_id=586"},"modified":"2025-11-09T13:31:14","modified_gmt":"2025-11-09T12:31:14","slug":"medlemskap","status":"publish","type":"page","link":"https:\/\/ial.se\/en\/medlemskap\/","title":{"rendered":"Membership"},"content":{"rendered":"<div data-elementor-type=\"wp-page\" data-elementor-id=\"586\" class=\"elementor elementor-586\">\n\t\t\t\t<div class=\"elementor-element elementor-element-dd330cf e-con-full e-flex e-con e-parent\" data-id=\"dd330cf\" data-element_type=\"container\" data-e-type=\"container\">\n\t\t<div class=\"elementor-element elementor-element-1a8ba60 e-grid e-con-full e-con e-child\" data-id=\"1a8ba60\" data-element_type=\"container\" data-e-type=\"container\">\n\t\t<div class=\"elementor-element elementor-element-be9eb2f e-con-full e-flex e-con e-child\" data-id=\"be9eb2f\" data-element_type=\"container\" data-e-type=\"container\" data-settings=\"{&quot;background_background&quot;:&quot;classic&quot;}\">\n\t\t\t\t<\/div>\n\t\t<div class=\"elementor-element elementor-element-7e0269b e-con-full mx-width-2 e-flex e-con e-child\" data-id=\"7e0269b\" data-element_type=\"container\" data-e-type=\"container\">\n\t\t\t\t<div class=\"elementor-element elementor-element-7e3e677 elementor-widget elementor-widget-heading\" data-id=\"7e3e677\" data-element_type=\"widget\" data-e-type=\"widget\" data-widget_type=\"heading.default\">\n\t\t\t\t\t<h2 class=\"elementor-heading-title elementor-size-default\">Membership<\/h2>\t\t\t\t<\/div>\n\t\t\t\t<div class=\"elementor-element elementor-element-8c82c31 elementor-widget elementor-widget-text-editor\" data-id=\"8c82c31\" data-element_type=\"widget\" data-e-type=\"widget\" data-widget_type=\"text-editor.default\">\n\t\t\t\t\t\t\t\t\tMembers and membership fees are crucial to the survival of the association and provide voting rights at the annual meeting.\t\t\t\t\t\t\t\t<\/div>\n\t\t\t\t<div class=\"elementor-element elementor-element-bce1929 elementor-widget elementor-widget-text-editor\" data-id=\"bce1929\" data-element_type=\"widget\" data-e-type=\"widget\" data-widget_type=\"text-editor.default\">\n\t\t\t\t\t\t\t\t\tThe membership fee is <b>150 SEK\/calendar year<\/b> for an adult member, or <b>200 SEK\/calendar year<\/b> for a family registered at the same address.\t\t\t\t\t\t\t\t<\/div>\n\t\t\t\t<div class=\"elementor-element elementor-element-85fba89 elementor-widget elementor-widget-text-editor\" data-id=\"85fba89\" data-element_type=\"widget\" data-e-type=\"widget\" data-widget_type=\"text-editor.default\">\n\t\t\t\t\t\t\t\t\tThe membership fee is paid to bank account <b>5283-0643<\/b>. Mark the payment with your name and email address.\t\t\t\t\t\t\t\t<\/div>\n\t\t\t\t<div class=\"elementor-element elementor-element-b1d4cd1 elementor-widget elementor-widget-text-editor\" data-id=\"b1d4cd1\" data-element_type=\"widget\" data-e-type=\"widget\" data-widget_type=\"text-editor.default\">\n\t\t\t\t\t\t\t\t\tAdditional information for the membership register can be emailed to <a href=\"mailto:info@ial.se\" target=\"_blank\" rel=\"noopener\">info@ial.se<\/a>.\t\t\t\t\t\t\t\t<\/div>\n\t\t\t\t<\/div>\n\t\t\t\t<\/div>\n\t\t\t\t<\/div>\n\t\t\t\t<\/div>","protected":false},"excerpt":{"rendered":"<p>Medlemskap Medlemmar och medlemsavgifter \u00e4r avg\u00f6rande f\u00f6r f\u00f6reningens fortlevnad och ger r\u00f6str\u00e4tt p\u00e5 \u00e5rsm\u00f6tet.Medlemsavgiften \u00e4r 150 kr\/kalender\u00e5r f\u00f6r vuxen medlem, alternativt 200 kr\/kalender\u00e5r f\u00f6r familj skriven p\u00e5 samma adress.Medlemsavgiften betalas till bankgirokonto 5283-0643. M\u00e4rk betalningen med namn och mailadress.Kompletterande uppgifter till medlemsregistret kan mailas till info@ial.se.<\/p>","protected":false},"author":6,"featured_media":0,"parent":0,"menu_order":0,"comment_status":"closed","ping_status":"closed","template":"elementor_header_footer","meta":{"_acf_changed":false,"footnotes":""},"class_list":["post-586","page","type-page","status-publish","hentry"],"acf":[],"aioseo_notices":[],"_links":{"self":[{"href":"https:\/\/ial.se\/en\/wp-json\/wp\/v2\/pages\/586","targetHints":{"allow":["GET"]}}],"collection":[{"href":"https:\/\/ial.se\/en\/wp-json\/wp\/v2\/pages"}],"about":[{"href":"https:\/\/ial.se\/en\/wp-json\/wp\/v2\/types\/page"}],"author":[{"embeddable":true,"href":"https:\/\/ial.se\/en\/wp-json\/wp\/v2\/users\/6"}],"replies":[{"embeddable":true,"href":"https:\/\/ial.se\/en\/wp-json\/wp\/v2\/comments?post=586"}],"version-history":[{"count":0,"href":"https:\/\/ial.se\/en\/wp-json\/wp\/v2\/pages\/586\/revisions"}],"wp:attachment":[{"href":"https:\/\/ial.se\/en\/wp-json\/wp\/v2\/media?parent=586"}],"curies":[{"name":"wp","href":"https:\/\/api.w.org\/{rel}","templated":true}]}}