{"id":690,"date":"2024-02-22T01:55:54","date_gmt":"2024-02-22T01:55:54","guid":{"rendered":"https:\/\/ial.se\/?page_id=690"},"modified":"2025-09-30T14:13:32","modified_gmt":"2025-09-30T12:13:32","slug":"vad-ar-det","status":"publish","type":"page","link":"https:\/\/ial.se\/en\/volontarlager\/vad-ar-det\/","title":{"rendered":"What is a workcamp?"},"content":{"rendered":"<div data-elementor-type=\"wp-page\" data-elementor-id=\"690\" class=\"elementor elementor-690\">\n\t\t\t\t<div class=\"elementor-element elementor-element-e8a7d5d e-con-full e-flex e-con e-parent\" data-id=\"e8a7d5d\" data-element_type=\"container\" data-e-type=\"container\">\n\t\t<div class=\"elementor-element elementor-element-f1050b6 e-con-full mx-width e-grid e-con e-child\" data-id=\"f1050b6\" data-element_type=\"container\" data-e-type=\"container\">\n\t\t<div class=\"elementor-element elementor-element-4070ccb e-con-full e-flex e-con e-child\" data-id=\"4070ccb\" data-element_type=\"container\" data-e-type=\"container\">\n\t\t\t\t<div class=\"elementor-element elementor-element-6cee1bb elementor-widget elementor-widget-heading\" data-id=\"6cee1bb\" data-element_type=\"widget\" data-e-type=\"widget\" data-widget_type=\"heading.default\">\n\t\t\t\t\t<h2 class=\"elementor-heading-title elementor-size-default\">What is a workcamp?<\/h2>\t\t\t\t<\/div>\n\t\t\t\t<div class=\"elementor-element elementor-element-b3aa8f3 elementor-widget elementor-widget-text-editor\" data-id=\"b3aa8f3\" data-element_type=\"widget\" data-e-type=\"widget\" data-widget_type=\"text-editor.default\">\n\t\t\t\t\t\t\t\t\tWorkcamps are international, <b>short-term volunteer experiences<\/b> where volunteers from all over the world work and live as a group for approximately two weeks. The goal of the volunteers is to contribute to a project designed by and for the local community.\t\t\t\t\t\t\t\t<\/div>\n\t\t\t\t<div class=\"elementor-element elementor-element-e44fb42 elementor-widget elementor-widget-text-editor\" data-id=\"e44fb42\" data-element_type=\"widget\" data-e-type=\"widget\" data-widget_type=\"text-editor.default\">\n\t\t\t\t\t\t\t\t\tWorkcamps aim to break down barriers between people and <b>develop intercultural understanding<\/b>. In this way, they contribute to building a peaceful culture between people.\t\t\t\t\t\t\t\t<\/div>\n\t\t\t\t<div class=\"elementor-element elementor-element-e925ee5 elementor-widget elementor-widget-text-editor\" data-id=\"e925ee5\" data-element_type=\"widget\" data-e-type=\"widget\" data-widget_type=\"text-editor.default\">\n\t\t\t\t\t\t\t\t\tRead more about volunteer camps on the <a href=\"https:\/\/sci.ngo\/get-involved\/volunteer-with-us\/workcamps\/\" target=\"_blank\" rel=\"noopener\">SCI website<\/a>.\t\t\t\t\t\t\t\t<\/div>\n\t\t\t\t<\/div>\n\t\t\t\t<div class=\"elementor-element elementor-element-8697a2b elementor-widget elementor-widget-video\" data-id=\"8697a2b\" data-element_type=\"widget\" data-e-type=\"widget\" data-settings=\"{&quot;youtube_url&quot;:&quot;https:\\\/\\\/www.youtube.com\\\/watch?v=0upwrbCW_lg&quot;,&quot;video_type&quot;:&quot;youtube&quot;,&quot;controls&quot;:&quot;yes&quot;}\" data-widget_type=\"video.default\">\n\t\t\t\t\t\t\t<div class=\"elementor-wrapper elementor-open-inline\">\n\t\t\t<div class=\"elementor-video\"><\/div>\t\t<\/div>\n\t\t\t\t\t\t<\/div>\n\t\t<div class=\"elementor-element elementor-element-5138dca e-grid e-con-full e-con e-child\" data-id=\"5138dca\" data-element_type=\"container\" data-e-type=\"container\">\n\t\t\t\t<div class=\"elementor-element elementor-element-9ae716e elementor-widget elementor-widget-image\" data-id=\"9ae716e\" data-element_type=\"widget\" data-e-type=\"widget\" data-widget_type=\"image.default\">\n\t\t\t\t\t\t\t\t\t\t\t\t\t\t\t<img fetchpriority=\"high\" decoding=\"async\" width=\"1150\" height=\"1150\" src=\"https:\/\/ial.se\/wp-content\/uploads\/2025\/09\/SCI_Workcamp_01.jpg\" class=\"attachment-full size-full wp-image-1915\" alt=\"\" srcset=\"https:\/\/ial.se\/wp-content\/uploads\/2025\/09\/SCI_Workcamp_01.jpg 1150w, https:\/\/ial.se\/wp-content\/uploads\/2025\/09\/SCI_Workcamp_01-300x300.jpg 300w, https:\/\/ial.se\/wp-content\/uploads\/2025\/09\/SCI_Workcamp_01-1024x1024.jpg 1024w, https:\/\/ial.se\/wp-content\/uploads\/2025\/09\/SCI_Workcamp_01-150x150.jpg 150w, https:\/\/ial.se\/wp-content\/uploads\/2025\/09\/SCI_Workcamp_01-768x768.jpg 768w, https:\/\/ial.se\/wp-content\/uploads\/2025\/09\/SCI_Workcamp_01-500x500.jpg 500w\" sizes=\"(max-width: 1150px) 100vw, 1150px\" \/>\t\t\t\t\t\t\t\t\t\t\t\t\t\t\t<\/div>\n\t\t\t\t<div class=\"elementor-element elementor-element-c4eb510 elementor-widget elementor-widget-image\" data-id=\"c4eb510\" data-element_type=\"widget\" data-e-type=\"widget\" data-widget_type=\"image.default\">\n\t\t\t\t\t\t\t\t\t\t\t\t\t\t\t<img decoding=\"async\" width=\"1150\" height=\"1150\" src=\"https:\/\/ial.se\/wp-content\/uploads\/2025\/09\/SCI_Workcamp_02.jpg\" class=\"attachment-full size-full wp-image-1916\" alt=\"\" srcset=\"https:\/\/ial.se\/wp-content\/uploads\/2025\/09\/SCI_Workcamp_02.jpg 1150w, https:\/\/ial.se\/wp-content\/uploads\/2025\/09\/SCI_Workcamp_02-300x300.jpg 300w, https:\/\/ial.se\/wp-content\/uploads\/2025\/09\/SCI_Workcamp_02-1024x1024.jpg 1024w, https:\/\/ial.se\/wp-content\/uploads\/2025\/09\/SCI_Workcamp_02-150x150.jpg 150w, https:\/\/ial.se\/wp-content\/uploads\/2025\/09\/SCI_Workcamp_02-768x768.jpg 768w, https:\/\/ial.se\/wp-content\/uploads\/2025\/09\/SCI_Workcamp_02-500x500.jpg 500w\" sizes=\"(max-width: 1150px) 100vw, 1150px\" \/>\t\t\t\t\t\t\t\t\t\t\t\t\t\t\t<\/div>\n\t\t\t\t<div class=\"elementor-element elementor-element-03013f6 elementor-widget elementor-widget-image\" data-id=\"03013f6\" data-element_type=\"widget\" data-e-type=\"widget\" data-widget_type=\"image.default\">\n\t\t\t\t\t\t\t\t\t\t\t\t\t\t\t<img decoding=\"async\" width=\"1150\" height=\"1150\" src=\"https:\/\/ial.se\/wp-content\/uploads\/2025\/09\/SCI_Workcamp_03.jpg\" class=\"attachment-full size-full wp-image-1917\" alt=\"\" srcset=\"https:\/\/ial.se\/wp-content\/uploads\/2025\/09\/SCI_Workcamp_03.jpg 1150w, https:\/\/ial.se\/wp-content\/uploads\/2025\/09\/SCI_Workcamp_03-300x300.jpg 300w, https:\/\/ial.se\/wp-content\/uploads\/2025\/09\/SCI_Workcamp_03-1024x1024.jpg 1024w, https:\/\/ial.se\/wp-content\/uploads\/2025\/09\/SCI_Workcamp_03-150x150.jpg 150w, https:\/\/ial.se\/wp-content\/uploads\/2025\/09\/SCI_Workcamp_03-768x768.jpg 768w, https:\/\/ial.se\/wp-content\/uploads\/2025\/09\/SCI_Workcamp_03-500x500.jpg 500w\" sizes=\"(max-width: 1150px) 100vw, 1150px\" \/>\t\t\t\t\t\t\t\t\t\t\t\t\t\t\t<\/div>\n\t\t\t\t<div class=\"elementor-element elementor-element-624056d elementor-widget elementor-widget-image\" data-id=\"624056d\" data-element_type=\"widget\" data-e-type=\"widget\" data-widget_type=\"image.default\">\n\t\t\t\t\t\t\t\t\t\t\t\t\t\t\t<img loading=\"lazy\" decoding=\"async\" width=\"1150\" height=\"1150\" src=\"https:\/\/ial.se\/wp-content\/uploads\/2025\/09\/SCI_Workcamp_04.jpg\" class=\"attachment-full size-full wp-image-1918\" alt=\"\" srcset=\"https:\/\/ial.se\/wp-content\/uploads\/2025\/09\/SCI_Workcamp_04.jpg 1150w, https:\/\/ial.se\/wp-content\/uploads\/2025\/09\/SCI_Workcamp_04-300x300.jpg 300w, https:\/\/ial.se\/wp-content\/uploads\/2025\/09\/SCI_Workcamp_04-1024x1024.jpg 1024w, https:\/\/ial.se\/wp-content\/uploads\/2025\/09\/SCI_Workcamp_04-150x150.jpg 150w, https:\/\/ial.se\/wp-content\/uploads\/2025\/09\/SCI_Workcamp_04-768x768.jpg 768w, https:\/\/ial.se\/wp-content\/uploads\/2025\/09\/SCI_Workcamp_04-500x500.jpg 500w\" sizes=\"(max-width: 1150px) 100vw, 1150px\" \/>\t\t\t\t\t\t\t\t\t\t\t\t\t\t\t<\/div>\n\t\t\t\t<div class=\"elementor-element elementor-element-019c78c elementor-widget elementor-widget-image\" data-id=\"019c78c\" data-element_type=\"widget\" data-e-type=\"widget\" data-widget_type=\"image.default\">\n\t\t\t\t\t\t\t\t\t\t\t\t\t\t\t<img loading=\"lazy\" decoding=\"async\" width=\"1150\" height=\"1150\" src=\"https:\/\/ial.se\/wp-content\/uploads\/2025\/09\/SCI_Workcamp_05.jpg\" class=\"attachment-full size-full wp-image-1919\" alt=\"\" srcset=\"https:\/\/ial.se\/wp-content\/uploads\/2025\/09\/SCI_Workcamp_05.jpg 1150w, https:\/\/ial.se\/wp-content\/uploads\/2025\/09\/SCI_Workcamp_05-300x300.jpg 300w, https:\/\/ial.se\/wp-content\/uploads\/2025\/09\/SCI_Workcamp_05-1024x1024.jpg 1024w, https:\/\/ial.se\/wp-content\/uploads\/2025\/09\/SCI_Workcamp_05-150x150.jpg 150w, https:\/\/ial.se\/wp-content\/uploads\/2025\/09\/SCI_Workcamp_05-768x768.jpg 768w, https:\/\/ial.se\/wp-content\/uploads\/2025\/09\/SCI_Workcamp_05-500x500.jpg 500w\" sizes=\"(max-width: 1150px) 100vw, 1150px\" \/>\t\t\t\t\t\t\t\t\t\t\t\t\t\t\t<\/div>\n\t\t\t\t<div class=\"elementor-element elementor-element-dd82c81 elementor-widget elementor-widget-image\" data-id=\"dd82c81\" data-element_type=\"widget\" data-e-type=\"widget\" data-widget_type=\"image.default\">\n\t\t\t\t\t\t\t\t\t\t\t\t\t\t\t<img loading=\"lazy\" decoding=\"async\" width=\"1150\" height=\"1150\" src=\"https:\/\/ial.se\/wp-content\/uploads\/2025\/09\/SCI_Workcamp_06.jpg\" class=\"attachment-full size-full wp-image-1920\" alt=\"\" srcset=\"https:\/\/ial.se\/wp-content\/uploads\/2025\/09\/SCI_Workcamp_06.jpg 1150w, https:\/\/ial.se\/wp-content\/uploads\/2025\/09\/SCI_Workcamp_06-300x300.jpg 300w, https:\/\/ial.se\/wp-content\/uploads\/2025\/09\/SCI_Workcamp_06-1024x1024.jpg 1024w, https:\/\/ial.se\/wp-content\/uploads\/2025\/09\/SCI_Workcamp_06-150x150.jpg 150w, https:\/\/ial.se\/wp-content\/uploads\/2025\/09\/SCI_Workcamp_06-768x768.jpg 768w, https:\/\/ial.se\/wp-content\/uploads\/2025\/09\/SCI_Workcamp_06-500x500.jpg 500w\" sizes=\"(max-width: 1150px) 100vw, 1150px\" \/>\t\t\t\t\t\t\t\t\t\t\t\t\t\t\t<\/div>\n\t\t\t\t<\/div>\n\t\t\t\t<\/div>\n\t\t\t\t<\/div>\n\t\t\t\t<\/div>","protected":false},"excerpt":{"rendered":"<p>Vad \u00e4r ett volont\u00e4rl\u00e4ger? Volont\u00e4rl\u00e4ger \u00e4r internationella, kortvariga volont\u00e4rupplevelser d\u00e4r volont\u00e4rer fr\u00e5n hela v\u00e4rlden arbetar och bor som en grupp i cirka tv\u00e5 veckor. M\u00e5let f\u00f6r volont\u00e4rerna \u00e4r att bidra till ett projekt som utformas av och f\u00f6r lokalsamh\u00e4llet.Volont\u00e4rl\u00e4ger syftar till att bryta ner barri\u00e4rer mellan m\u00e4nniskor och utveckla interkulturell f\u00f6rst\u00e5else. P\u00e5 s\u00e5 s\u00e4tt bidrar [&hellip;]<\/p>\n","protected":false},"author":6,"featured_media":0,"parent":1869,"menu_order":0,"comment_status":"closed","ping_status":"closed","template":"elementor_header_footer","meta":{"_acf_changed":false,"footnotes":""},"class_list":["post-690","page","type-page","status-publish","hentry"],"acf":[],"aioseo_notices":[],"_links":{"self":[{"href":"https:\/\/ial.se\/en\/wp-json\/wp\/v2\/pages\/690","targetHints":{"allow":["GET"]}}],"collection":[{"href":"https:\/\/ial.se\/en\/wp-json\/wp\/v2\/pages"}],"about":[{"href":"https:\/\/ial.se\/en\/wp-json\/wp\/v2\/types\/page"}],"author":[{"embeddable":true,"href":"https:\/\/ial.se\/en\/wp-json\/wp\/v2\/users\/6"}],"replies":[{"embeddable":true,"href":"https:\/\/ial.se\/en\/wp-json\/wp\/v2\/comments?post=690"}],"version-history":[{"count":0,"href":"https:\/\/ial.se\/en\/wp-json\/wp\/v2\/pages\/690\/revisions"}],"up":[{"embeddable":true,"href":"https:\/\/ial.se\/en\/wp-json\/wp\/v2\/pages\/1869"}],"wp:attachment":[{"href":"https:\/\/ial.se\/en\/wp-json\/wp\/v2\/media?parent=690"}],"curies":[{"name":"wp","href":"https:\/\/api.w.org\/{rel}","templated":true}]}}